{"id":24810,"date":"2022-08-22T13:44:43","date_gmt":"2022-08-22T13:44:43","guid":{"rendered":"https:\/\/www.pefa.com\/home\/"},"modified":"2023-03-29T11:05:37","modified_gmt":"2023-03-29T11:05:37","slug":"home","status":"publish","type":"page","link":"https:\/\/www.pefa.com\/da\/","title":{"rendered":"Home"},"content":{"rendered":"\n<div id=\"home-hero-block_db1fdeec668284bfaf33ca754ce9f662\" class=\"alignfull block-home-hero\" style=\"background-image: url(https:\/\/www.pefa.com\/wp-content\/uploads\/2023\/03\/89038053_2255700934737571_7949195629727580160_n-jpg.webp);\">\n\n\t<div class=\"header-content-wrapper\">\n\t\t<div class=\"container\">\n\t\t\t<div class=\"header-content\">\n\t\t\t\t<h1 class=\"entry-title\">Fish trading made easy<\/h1>\n\n\t\t\t\t\t\t\t\t\t<div class=\"intro\">\n\t\t\t\t\t\t<p class=\"western\">Pefa \u00f8nsker at g\u00f8re k\u00f8b, salg og registrering af frisk fisk nemmest muligt for enhver. Vi tilbyder derfor vores tjenesteydelser online til fiskere, fiskeriauktioner og fiskeopk\u00f8bere.<\/p>\n\t\t\t\t\t<\/div>\n\t\t\t\t\n\t\t\t\t<div class=\"buttons\">\n\t\t\t\t\t\t\t\t\t\t\t\t\t\t\t\t\t<a class=\"btn\" href=\"https:\/\/www.pefa.com\/da\/services\/\" target=\"\">Opdage vores tjenester<\/a>\n\t\t\t\t\t\t\t\t\t\t\t\t\t\t<\/div>\n\t\t\t<\/div>\n\t\t<\/div>\n\t<\/div>\n<\/div>\n\n\n\n<div id=\"fish-ticker-block_49b4e4dc0aad9ca777210d3604ad8cd5\" class=\"block-fish-ticker default alignfull\">\n\n\t<div class=\"ticker-wrap\">\n\t\t<div id=\"ticker\" class=\"ticker\">\n\n\n\n\t\t<\/div>\n\t<\/div>\n<\/div>\n\n\n\n<div id=\"banner-ads-block_517d3b9d5d9bb8d000030efd69000b37\" class=\"block-banner-ads default\">\n\n\t<div id=\"banners\" class=\"banners\">\n\t\t<div class=\"container\">\n\t\t\t<h3 class=\"block-title\">Meet our partners<\/h3>\n\t\t\t<div class=\"row\">\n\t\t\t\t<div class=\"col-lg-3 col-md-6 col-12 col ad\">\n\t\t\t\t\t<div class='bar-container' bannerid='22730' target='' ><a target=\"_blank\" bannerid=\"22730\" href=\"https:\/\/www.rasechtvis.nl\/\" onclick=\"trackOutboundLink('https:\/\/www.rasechtvis.nl\/'); return false;\"\/><img loading=\"lazy\" decoding=\"async\" width=\"720\" height=\"600\" src=\"https:\/\/www.pefa.com\/wp-content\/uploads\/2022\/08\/RAS-ECHT-in-kleur-PEFA.jpg\" class=\"attachment-full size-full wp-post-image\" alt=\"\" srcset=\"https:\/\/www.pefa.com\/wp-content\/uploads\/2022\/08\/RAS-ECHT-in-kleur-PEFA.jpg 720w, https:\/\/www.pefa.com\/wp-content\/uploads\/2022\/08\/RAS-ECHT-in-kleur-PEFA-300x250.jpg 300w\" sizes=\"auto, (max-width: 720px) 100vw, 720px\" \/><\/a><\/div>\t\t\t\t<\/div>\n\t\t\t\t<div class=\"col-lg-3 col-md-6  col-12 col ad\">\n\t\t\t\t\t<div class='bar-container' bannerid='20707' target='' ><a target=\"_blank\" bannerid=\"20707\" href=\"https:\/\/www.itstransport.nl\/nl\/\" onclick=\"trackOutboundLink('https:\/\/www.itstransport.nl\/nl\/'); return false;\"\/><img loading=\"lazy\" decoding=\"async\" width=\"180\" height=\"150\" src=\"https:\/\/www.pefa.com\/wp-content\/uploads\/2022\/08\/ITS1.jpg\" class=\"attachment-full size-full wp-post-image\" alt=\"\" \/><\/a><\/div>\t\t\t\t<\/div>\n\t\t\t\t<div class=\"col-lg-3 col-md-6 col-12 col ad\">\n\t\t\t\t\t<div class='bar-container' bannerid='20519' target='' ><a target=\"_blank\" bannerid=\"20519\" href=\"https:\/\/nederlof-fish.nl\/\" onclick=\"trackOutboundLink('https:\/\/nederlof-fish.nl\/'); return false;\"\/><img loading=\"lazy\" decoding=\"async\" width=\"180\" height=\"150\" src=\"https:\/\/www.pefa.com\/wp-content\/uploads\/2022\/08\/Nederlof-V3.jpg\" class=\"attachment-full size-full wp-post-image\" alt=\"\" \/><\/a><\/div>\t\t\t\t<\/div>\n\t\t\t\t<div class=\"col-lg-3 col-md-6 col-12 col ad\">\n\t\t\t\t\t<div class='bar-container' bannerid='5856' target='' ><a target=\"_blank\" bannerid=\"5856\" href=\"http:\/\/www.oromar.nl\/\" onclick=\"trackOutboundLink('http:\/\/www.oromar.nl\/'); return false;\"\/><img loading=\"lazy\" decoding=\"async\" width=\"720\" height=\"600\" src=\"https:\/\/www.pefa.com\/wp-content\/uploads\/2022\/08\/Oromar-per-14-4-22.png\" class=\"attachment-full size-full wp-post-image\" alt=\"\" srcset=\"https:\/\/www.pefa.com\/wp-content\/uploads\/2022\/08\/Oromar-per-14-4-22.png 720w, https:\/\/www.pefa.com\/wp-content\/uploads\/2022\/08\/Oromar-per-14-4-22-300x250.png 300w\" sizes=\"auto, (max-width: 720px) 100vw, 720px\" \/><\/a><\/div>\t\t\t\t<\/div>\n\t\t\t<\/div>\n\t\t<\/div>\n\t<\/div>\n\n<\/div>\n\n\n\n<div id=\"content-video-block_bea30cda4273d39d0c494d944cf3cb8f\" class=\"alignfull block-content-video default\">\n\n\t<div class=\"container\">\n\t\t<div class=\"row justify-content-between align-items-center\">\n\t\t\t<div class=\"col-lg-5 col-12\">\n\t\t\t\t<div class=\"content\">\n\t\t\t\t\t<h3>Hvordan vi arbejder<\/h3>\n\t\t\t\t\t<p class=\"western\">Pefa tilbyder tjenesteydelser online til fiskere, fiskeriauktioner og fiskeopk\u00f8bere. Tjenesteydelserne udvikles efter behov, og er skr\u00e6ddersyede til fiskeindustrien.<\/p>\n\t\t\t\t<\/div>\n\t\t\t<\/div>\n\t\t\t<div class=\"col-lg-7 col-12\">\n\t\t\t\t\t\t\t\t\t<div class=\"video-embed\">\n\t\t\t\t\t\t<iframe loading=\"lazy\" title=\"Discover online fish trading\" src=\"https:\/\/player.vimeo.com\/video\/289029379?dnt=1&amp;app_id=122963\" width=\"640\" height=\"360\" frameborder=\"0\" allow=\"autoplay; fullscreen; picture-in-picture; clipboard-write; encrypted-media; web-share\" referrerpolicy=\"strict-origin-when-cross-origin\"><\/iframe>\t\t\t\t\t<\/div>\n\t\t\t\t\t\t\t<\/div>\n\t\t<\/div>\n\t<\/div>\n<\/div>\n\n\n\n<div id=\"content-two-cols-block_1c34f510f2b2346a905543e8f32fb206\" class=\"alignfull block-content-two-cols default\">\n\n\t<div class=\"container\">\n\t\t<div class=\"row justify-content-between align-items-center\">\n\n\t\t\t<div class=\"col-lg-6 col-12 order-2\">\n\t\t\t\t<div class=\"content\">\n\t\t\t\t\t\t\t\t\t\t\t<h2 class=\"block-title\">K\u00f8b af fisk via Pefa Auction-netv\u00e6rket<\/h2>\n\t\t\t\t\t\t\t\t\t\t<p>Det er nemt at k\u00f8be fisk via Pefa. Du skal blot have en fjernk\u00f8bskontrakt med Pefa, og et k\u00f8bernummer til den auktion, hvor du \u00f8nsker at k\u00f8be fisk. N\u00e5r du har begge dele, kan du foretage fjernk\u00f8b af fisk. <a href=\"https:\/\/www.pefa.com\/da\/kob-af-fisk-via-pefa-auction-netvaerket\/\">L\u00e6s mere<\/a>.<\/p>\n\t\t\t\t<\/div>\n\t\t\t<\/div>\n\n\t\t\t<div class=\"col-lg-6 col-12 order-lg-1 order-3\">\n\t\t\t\t\t\t\t\t\t<div class=\"image\">\n\t\t\t\t\t\t<img loading=\"lazy\" decoding=\"async\" width=\"640\" height=\"480\" src=\"https:\/\/www.pefa.com\/wp-content\/uploads\/2022\/12\/P4150019-Smogen-1024x768.webp\" class=\"attachment-large size-large\" alt=\"\" srcset=\"https:\/\/www.pefa.com\/wp-content\/uploads\/2022\/12\/P4150019-Smogen-1024x768.webp 1024w, https:\/\/www.pefa.com\/wp-content\/uploads\/2022\/12\/P4150019-Smogen-300x225.webp 300w, https:\/\/www.pefa.com\/wp-content\/uploads\/2022\/12\/P4150019-Smogen-768x576.webp 768w, https:\/\/www.pefa.com\/wp-content\/uploads\/2022\/12\/P4150019-Smogen-1536x1152.webp 1536w, https:\/\/www.pefa.com\/wp-content\/uploads\/2022\/12\/P4150019-Smogen-2048x1536.webp 2048w\" sizes=\"auto, (max-width: 640px) 100vw, 640px\" \/>\t\t\t\t\t<\/div>\n\t\t\t\t\t\t\t<\/div>\n\n\t\t<\/div>\n\t<\/div>\n<\/div>\n","protected":false},"excerpt":{"rendered":"","protected":false},"author":5,"featured_media":0,"parent":0,"menu_order":0,"comment_status":"closed","ping_status":"closed","template":"","meta":{"_acf_changed":false,"footnotes":""},"class_list":["post-24810","page","type-page","status-publish","hentry"],"acf":[],"yoast_head":"<!-- This site is optimized with the Yoast SEO plugin v26.6 - https:\/\/yoast.com\/wordpress\/plugins\/seo\/ -->\n<title>Home - pefa<\/title>\n<meta name=\"robots\" content=\"index, follow, max-snippet:-1, max-image-preview:large, max-video-preview:-1\" \/>\n<link rel=\"canonical\" href=\"https:\/\/www.pefa.com\/da\/\" \/>\n<meta property=\"og:locale\" content=\"da_DK\" \/>\n<meta property=\"og:type\" content=\"article\" \/>\n<meta property=\"og:title\" content=\"Home - pefa\" \/>\n<meta property=\"og:url\" content=\"https:\/\/www.pefa.com\/da\/\" \/>\n<meta property=\"og:site_name\" content=\"pefa\" \/>\n<meta property=\"article:publisher\" content=\"https:\/\/www.facebook.com\/pefacom\/\" \/>\n<meta property=\"article:modified_time\" content=\"2023-03-29T11:05:37+00:00\" \/>\n<meta name=\"twitter:card\" content=\"summary_large_image\" \/>\n<meta name=\"twitter:site\" content=\"@pefa_com\" \/>\n<script type=\"application\/ld+json\" class=\"yoast-schema-graph\">{\"@context\":\"https:\/\/schema.org\",\"@graph\":[{\"@type\":\"WebPage\",\"@id\":\"https:\/\/www.pefa.com\/da\/\",\"url\":\"https:\/\/www.pefa.com\/da\/\",\"name\":\"Home - pefa\",\"isPartOf\":{\"@id\":\"https:\/\/www.pefa.com\/#website\"},\"datePublished\":\"2022-08-22T13:44:43+00:00\",\"dateModified\":\"2023-03-29T11:05:37+00:00\",\"breadcrumb\":{\"@id\":\"https:\/\/www.pefa.com\/da\/#breadcrumb\"},\"inLanguage\":\"da-DK\",\"potentialAction\":[{\"@type\":\"ReadAction\",\"target\":[\"https:\/\/www.pefa.com\/da\/\"]}]},{\"@type\":\"BreadcrumbList\",\"@id\":\"https:\/\/www.pefa.com\/da\/#breadcrumb\",\"itemListElement\":[{\"@type\":\"ListItem\",\"position\":1,\"name\":\"Home\",\"item\":\"https:\/\/www.pefa.com\/da\/\"},{\"@type\":\"ListItem\",\"position\":2,\"name\":\"Home\"}]},{\"@type\":\"WebSite\",\"@id\":\"https:\/\/www.pefa.com\/#website\",\"url\":\"https:\/\/www.pefa.com\/\",\"name\":\"pefa\",\"description\":\"Online trading tools for fishermen, fish auctions and buyers\",\"publisher\":{\"@id\":\"https:\/\/www.pefa.com\/#organization\"},\"potentialAction\":[{\"@type\":\"SearchAction\",\"target\":{\"@type\":\"EntryPoint\",\"urlTemplate\":\"https:\/\/www.pefa.com\/?s={search_term_string}\"},\"query-input\":{\"@type\":\"PropertyValueSpecification\",\"valueRequired\":true,\"valueName\":\"search_term_string\"}}],\"inLanguage\":\"da-DK\"},{\"@type\":\"Organization\",\"@id\":\"https:\/\/www.pefa.com\/#organization\",\"name\":\"Pefa\",\"url\":\"https:\/\/www.pefa.com\/\",\"logo\":{\"@type\":\"ImageObject\",\"inLanguage\":\"da-DK\",\"@id\":\"https:\/\/www.pefa.com\/#\/schema\/logo\/image\/\",\"url\":\"https:\/\/www.pefa.com\/wp-content\/uploads\/2022\/09\/CMYK_PEFA_LIGGEND.png\",\"contentUrl\":\"https:\/\/www.pefa.com\/wp-content\/uploads\/2022\/09\/CMYK_PEFA_LIGGEND.png\",\"width\":1772,\"height\":443,\"caption\":\"Pefa\"},\"image\":{\"@id\":\"https:\/\/www.pefa.com\/#\/schema\/logo\/image\/\"},\"sameAs\":[\"https:\/\/www.facebook.com\/pefacom\/\",\"https:\/\/x.com\/pefa_com\"]}]}<\/script>\n<!-- \/ Yoast SEO plugin. -->","yoast_head_json":{"title":"Home - pefa","robots":{"index":"index","follow":"follow","max-snippet":"max-snippet:-1","max-image-preview":"max-image-preview:large","max-video-preview":"max-video-preview:-1"},"canonical":"https:\/\/www.pefa.com\/da\/","og_locale":"da_DK","og_type":"article","og_title":"Home - pefa","og_url":"https:\/\/www.pefa.com\/da\/","og_site_name":"pefa","article_publisher":"https:\/\/www.facebook.com\/pefacom\/","article_modified_time":"2023-03-29T11:05:37+00:00","twitter_card":"summary_large_image","twitter_site":"@pefa_com","schema":{"@context":"https:\/\/schema.org","@graph":[{"@type":"WebPage","@id":"https:\/\/www.pefa.com\/da\/","url":"https:\/\/www.pefa.com\/da\/","name":"Home - pefa","isPartOf":{"@id":"https:\/\/www.pefa.com\/#website"},"datePublished":"2022-08-22T13:44:43+00:00","dateModified":"2023-03-29T11:05:37+00:00","breadcrumb":{"@id":"https:\/\/www.pefa.com\/da\/#breadcrumb"},"inLanguage":"da-DK","potentialAction":[{"@type":"ReadAction","target":["https:\/\/www.pefa.com\/da\/"]}]},{"@type":"BreadcrumbList","@id":"https:\/\/www.pefa.com\/da\/#breadcrumb","itemListElement":[{"@type":"ListItem","position":1,"name":"Home","item":"https:\/\/www.pefa.com\/da\/"},{"@type":"ListItem","position":2,"name":"Home"}]},{"@type":"WebSite","@id":"https:\/\/www.pefa.com\/#website","url":"https:\/\/www.pefa.com\/","name":"pefa","description":"Online trading tools for fishermen, fish auctions and buyers","publisher":{"@id":"https:\/\/www.pefa.com\/#organization"},"potentialAction":[{"@type":"SearchAction","target":{"@type":"EntryPoint","urlTemplate":"https:\/\/www.pefa.com\/?s={search_term_string}"},"query-input":{"@type":"PropertyValueSpecification","valueRequired":true,"valueName":"search_term_string"}}],"inLanguage":"da-DK"},{"@type":"Organization","@id":"https:\/\/www.pefa.com\/#organization","name":"Pefa","url":"https:\/\/www.pefa.com\/","logo":{"@type":"ImageObject","inLanguage":"da-DK","@id":"https:\/\/www.pefa.com\/#\/schema\/logo\/image\/","url":"https:\/\/www.pefa.com\/wp-content\/uploads\/2022\/09\/CMYK_PEFA_LIGGEND.png","contentUrl":"https:\/\/www.pefa.com\/wp-content\/uploads\/2022\/09\/CMYK_PEFA_LIGGEND.png","width":1772,"height":443,"caption":"Pefa"},"image":{"@id":"https:\/\/www.pefa.com\/#\/schema\/logo\/image\/"},"sameAs":["https:\/\/www.facebook.com\/pefacom\/","https:\/\/x.com\/pefa_com"]}]}},"_links":{"self":[{"href":"https:\/\/www.pefa.com\/da\/wp-json\/wp\/v2\/pages\/24810","targetHints":{"allow":["GET"]}}],"collection":[{"href":"https:\/\/www.pefa.com\/da\/wp-json\/wp\/v2\/pages"}],"about":[{"href":"https:\/\/www.pefa.com\/da\/wp-json\/wp\/v2\/types\/page"}],"author":[{"embeddable":true,"href":"https:\/\/www.pefa.com\/da\/wp-json\/wp\/v2\/users\/5"}],"replies":[{"embeddable":true,"href":"https:\/\/www.pefa.com\/da\/wp-json\/wp\/v2\/comments?post=24810"}],"version-history":[{"count":5,"href":"https:\/\/www.pefa.com\/da\/wp-json\/wp\/v2\/pages\/24810\/revisions"}],"predecessor-version":[{"id":25143,"href":"https:\/\/www.pefa.com\/da\/wp-json\/wp\/v2\/pages\/24810\/revisions\/25143"}],"wp:attachment":[{"href":"https:\/\/www.pefa.com\/da\/wp-json\/wp\/v2\/media?parent=24810"}],"curies":[{"name":"wp","href":"https:\/\/api.w.org\/{rel}","templated":true}]}}