{"id":24882,"date":"2022-12-14T08:59:00","date_gmt":"2022-12-14T08:59:00","guid":{"rendered":"https:\/\/www.pefa.com\/zwanvis-pefa-auction-clock\/"},"modified":"2023-01-10T09:43:56","modified_gmt":"2023-01-10T09:43:56","slug":"kundeberetning-fra-zwanvis-ijmuiden","status":"publish","type":"page","link":"https:\/\/www.pefa.com\/da\/kundeberetning-fra-zwanvis-ijmuiden\/","title":{"rendered":"Kundeberetning fra Zwanvis IJmuiden"},"content":{"rendered":"\n<div id=\"content-two-cols-block_2cafdb686ee09ef815a706ddc9a60525\" class=\"alignfull block-content-two-cols default\">\n\n\t<div class=\"container\">\n\t\t<div class=\"row justify-content-between align-items-center\">\n\n\t\t\t<div class=\"col-lg-6 col-12 order-2\">\n\t\t\t\t<div class=\"content\">\n\t\t\t\t\t\t\t\t\t\t<h4>Hvad synes du er den bedste egenskab ved Pefa Auction Clock?<\/h4>\n<p>Collin: \u201cJeg brugte Pefas gamle online hollandske auktion i ca. 8 \u00e5r, og den tidligere ejer af Zwanvis havde allerede brugt det l\u00e6nge. Vi har brugt Pefa Auction Clock i knap 2 m\u00e5neder nu, og det er mange gange bedre og mere omfattende end den tidligere version. P\u00e5 dage, hvor der er stor tilf\u00f8rsel p\u00e5 forskellige hollandske auktioner, kan vi f\u00f8lge 6 ure samtidigt, p\u00e5 blot 2 sk\u00e6rme. Flot system.\u201d<\/p>\n<p class=\"western\">Kan du tilf\u00f8je noget?<\/p>\n<p>\u201dDet er meget praktisk at man i et splitsekund kan se, hvad, hvor og fra hvilken b\u00e5d der er k\u00f8bt, ligesom man live kan f\u00f8lge tilf\u00f8rslen for hver fiskeart. Det er ogs\u00e5 rart at kunne indstille det s\u00e5kaldte pretake p\u00e5 uret. Det bruger vi til mindre indk\u00f8b, der ikke er n\u00f8dvendige. Derudover kan du tjekke din bankgaranti, markere favoritpartier og stoppe uret p\u00e5 mange m\u00e5der. Det er ogs\u00e5 en fin funktion at man kan trykke p\u00e5 et eksakt bel\u00f8b; at man kan klikke p\u00e5 det \u00f8nskede bel\u00f8b med musen, og k\u00f8be fisken til en pris der passer p\u00e5 kroner og \u00f8re. Sidst men ikke mindst: At man kan indk\u00f8be p\u00e5 n\u00e6sten alle auktioner i Holland, Danmark og Sverige p\u00e5 samme tid.\u201d fort\u00e6ller Van der Deijl.<\/p>\n<h4>Hvad synes du om appen til IOS og Android?<\/h4>\n<p>\u201dJeg var en af dem, der testede. Med hensyn til udseende kan man ikke se forskel p\u00e5 Pefa Auction Clock p\u00e5 appen eller PC\u00e9n. Det er meget flot lavet. Det g\u00f8r det nemt at skifte mellem apparater, eller indk\u00f8be p\u00e5 forskellige apparater samtidigt. Du skal dog s\u00f8rge for, at indstillingerne p\u00e5 din smartphone er korrekte: Hvis du vil kunne f\u00f8lge den hollandske auktion, er det ikke rart at blive ringet op af nogen. Godt at appen nu er live.\u201d<\/p>\n<h4>Slutteligt<\/h4>\n<p>\u201dForts\u00e6t det gode arbejde!\u201d<\/p>\n\t\t\t\t<\/div>\n\t\t\t<\/div>\n\n\t\t\t<div class=\"col-lg-6 col-12 order-lg-3 order-3\">\n\t\t\t\t\t\t\t<\/div>\n\n\t\t<\/div>\n\t<\/div>\n<\/div>\n\n\n\n<p><\/p>\n","protected":false},"excerpt":{"rendered":"","protected":false},"author":6,"featured_media":24463,"parent":0,"menu_order":0,"comment_status":"closed","ping_status":"closed","template":"","meta":{"_acf_changed":false,"footnotes":""},"class_list":["post-24882","page","type-page","status-publish","has-post-thumbnail","hentry"],"acf":[],"yoast_head":"<!-- This site is optimized with the Yoast SEO plugin v26.6 - https:\/\/yoast.com\/wordpress\/plugins\/seo\/ -->\n<title>Kundeberetning fra Zwanvis IJmuiden - pefa<\/title>\n<meta name=\"robots\" content=\"index, follow, max-snippet:-1, max-image-preview:large, max-video-preview:-1\" \/>\n<link rel=\"canonical\" href=\"https:\/\/www.pefa.com\/da\/kundeberetning-fra-zwanvis-ijmuiden\/\" \/>\n<meta property=\"og:locale\" content=\"da_DK\" \/>\n<meta property=\"og:type\" content=\"article\" \/>\n<meta property=\"og:title\" content=\"Kundeberetning fra Zwanvis IJmuiden - pefa\" \/>\n<meta property=\"og:url\" content=\"https:\/\/www.pefa.com\/da\/kundeberetning-fra-zwanvis-ijmuiden\/\" \/>\n<meta property=\"og:site_name\" content=\"pefa\" \/>\n<meta property=\"article:publisher\" content=\"https:\/\/www.facebook.com\/pefacom\/\" \/>\n<meta property=\"article:modified_time\" content=\"2023-01-10T09:43:56+00:00\" \/>\n<meta property=\"og:image\" content=\"https:\/\/www.pefa.com\/wp-content\/uploads\/2022\/12\/IMG_4871-scaled.webp\" \/>\n\t<meta property=\"og:image:width\" content=\"2560\" \/>\n\t<meta property=\"og:image:height\" content=\"1707\" \/>\n\t<meta property=\"og:image:type\" content=\"image\/jpeg\" \/>\n<meta name=\"twitter:card\" content=\"summary_large_image\" \/>\n<meta name=\"twitter:site\" content=\"@pefa_com\" \/>\n<script type=\"application\/ld+json\" class=\"yoast-schema-graph\">{\"@context\":\"https:\/\/schema.org\",\"@graph\":[{\"@type\":\"WebPage\",\"@id\":\"https:\/\/www.pefa.com\/da\/kundeberetning-fra-zwanvis-ijmuiden\/\",\"url\":\"https:\/\/www.pefa.com\/da\/kundeberetning-fra-zwanvis-ijmuiden\/\",\"name\":\"Kundeberetning fra Zwanvis IJmuiden - pefa\",\"isPartOf\":{\"@id\":\"https:\/\/www.pefa.com\/#website\"},\"primaryImageOfPage\":{\"@id\":\"https:\/\/www.pefa.com\/da\/kundeberetning-fra-zwanvis-ijmuiden\/#primaryimage\"},\"image\":{\"@id\":\"https:\/\/www.pefa.com\/da\/kundeberetning-fra-zwanvis-ijmuiden\/#primaryimage\"},\"thumbnailUrl\":\"https:\/\/www.pefa.com\/wp-content\/uploads\/2022\/12\/IMG_4871-scaled.webp\",\"datePublished\":\"2022-12-14T08:59:00+00:00\",\"dateModified\":\"2023-01-10T09:43:56+00:00\",\"breadcrumb\":{\"@id\":\"https:\/\/www.pefa.com\/da\/kundeberetning-fra-zwanvis-ijmuiden\/#breadcrumb\"},\"inLanguage\":\"da-DK\",\"potentialAction\":[{\"@type\":\"ReadAction\",\"target\":[\"https:\/\/www.pefa.com\/da\/kundeberetning-fra-zwanvis-ijmuiden\/\"]}]},{\"@type\":\"ImageObject\",\"inLanguage\":\"da-DK\",\"@id\":\"https:\/\/www.pefa.com\/da\/kundeberetning-fra-zwanvis-ijmuiden\/#primaryimage\",\"url\":\"https:\/\/www.pefa.com\/wp-content\/uploads\/2022\/12\/IMG_4871-scaled.webp\",\"contentUrl\":\"https:\/\/www.pefa.com\/wp-content\/uploads\/2022\/12\/IMG_4871-scaled.webp\",\"width\":2560,\"height\":1707},{\"@type\":\"BreadcrumbList\",\"@id\":\"https:\/\/www.pefa.com\/da\/kundeberetning-fra-zwanvis-ijmuiden\/#breadcrumb\",\"itemListElement\":[{\"@type\":\"ListItem\",\"position\":1,\"name\":\"Home\",\"item\":\"https:\/\/www.pefa.com\/da\/\"},{\"@type\":\"ListItem\",\"position\":2,\"name\":\"Kundeberetning fra Zwanvis IJmuiden\"}]},{\"@type\":\"WebSite\",\"@id\":\"https:\/\/www.pefa.com\/#website\",\"url\":\"https:\/\/www.pefa.com\/\",\"name\":\"pefa\",\"description\":\"Online trading tools for fishermen, fish auctions and buyers\",\"publisher\":{\"@id\":\"https:\/\/www.pefa.com\/#organization\"},\"potentialAction\":[{\"@type\":\"SearchAction\",\"target\":{\"@type\":\"EntryPoint\",\"urlTemplate\":\"https:\/\/www.pefa.com\/?s={search_term_string}\"},\"query-input\":{\"@type\":\"PropertyValueSpecification\",\"valueRequired\":true,\"valueName\":\"search_term_string\"}}],\"inLanguage\":\"da-DK\"},{\"@type\":\"Organization\",\"@id\":\"https:\/\/www.pefa.com\/#organization\",\"name\":\"Pefa\",\"url\":\"https:\/\/www.pefa.com\/\",\"logo\":{\"@type\":\"ImageObject\",\"inLanguage\":\"da-DK\",\"@id\":\"https:\/\/www.pefa.com\/#\/schema\/logo\/image\/\",\"url\":\"https:\/\/www.pefa.com\/wp-content\/uploads\/2022\/09\/CMYK_PEFA_LIGGEND.png\",\"contentUrl\":\"https:\/\/www.pefa.com\/wp-content\/uploads\/2022\/09\/CMYK_PEFA_LIGGEND.png\",\"width\":1772,\"height\":443,\"caption\":\"Pefa\"},\"image\":{\"@id\":\"https:\/\/www.pefa.com\/#\/schema\/logo\/image\/\"},\"sameAs\":[\"https:\/\/www.facebook.com\/pefacom\/\",\"https:\/\/x.com\/pefa_com\"]}]}<\/script>\n<!-- \/ Yoast SEO plugin. -->","yoast_head_json":{"title":"Kundeberetning fra Zwanvis IJmuiden - pefa","robots":{"index":"index","follow":"follow","max-snippet":"max-snippet:-1","max-image-preview":"max-image-preview:large","max-video-preview":"max-video-preview:-1"},"canonical":"https:\/\/www.pefa.com\/da\/kundeberetning-fra-zwanvis-ijmuiden\/","og_locale":"da_DK","og_type":"article","og_title":"Kundeberetning fra Zwanvis IJmuiden - pefa","og_url":"https:\/\/www.pefa.com\/da\/kundeberetning-fra-zwanvis-ijmuiden\/","og_site_name":"pefa","article_publisher":"https:\/\/www.facebook.com\/pefacom\/","article_modified_time":"2023-01-10T09:43:56+00:00","og_image":[{"width":2560,"height":1707,"url":"https:\/\/www.pefa.com\/wp-content\/uploads\/2022\/12\/IMG_4871-scaled.webp","type":"image\/jpeg"}],"twitter_card":"summary_large_image","twitter_site":"@pefa_com","schema":{"@context":"https:\/\/schema.org","@graph":[{"@type":"WebPage","@id":"https:\/\/www.pefa.com\/da\/kundeberetning-fra-zwanvis-ijmuiden\/","url":"https:\/\/www.pefa.com\/da\/kundeberetning-fra-zwanvis-ijmuiden\/","name":"Kundeberetning fra Zwanvis IJmuiden - pefa","isPartOf":{"@id":"https:\/\/www.pefa.com\/#website"},"primaryImageOfPage":{"@id":"https:\/\/www.pefa.com\/da\/kundeberetning-fra-zwanvis-ijmuiden\/#primaryimage"},"image":{"@id":"https:\/\/www.pefa.com\/da\/kundeberetning-fra-zwanvis-ijmuiden\/#primaryimage"},"thumbnailUrl":"https:\/\/www.pefa.com\/wp-content\/uploads\/2022\/12\/IMG_4871-scaled.webp","datePublished":"2022-12-14T08:59:00+00:00","dateModified":"2023-01-10T09:43:56+00:00","breadcrumb":{"@id":"https:\/\/www.pefa.com\/da\/kundeberetning-fra-zwanvis-ijmuiden\/#breadcrumb"},"inLanguage":"da-DK","potentialAction":[{"@type":"ReadAction","target":["https:\/\/www.pefa.com\/da\/kundeberetning-fra-zwanvis-ijmuiden\/"]}]},{"@type":"ImageObject","inLanguage":"da-DK","@id":"https:\/\/www.pefa.com\/da\/kundeberetning-fra-zwanvis-ijmuiden\/#primaryimage","url":"https:\/\/www.pefa.com\/wp-content\/uploads\/2022\/12\/IMG_4871-scaled.webp","contentUrl":"https:\/\/www.pefa.com\/wp-content\/uploads\/2022\/12\/IMG_4871-scaled.webp","width":2560,"height":1707},{"@type":"BreadcrumbList","@id":"https:\/\/www.pefa.com\/da\/kundeberetning-fra-zwanvis-ijmuiden\/#breadcrumb","itemListElement":[{"@type":"ListItem","position":1,"name":"Home","item":"https:\/\/www.pefa.com\/da\/"},{"@type":"ListItem","position":2,"name":"Kundeberetning fra Zwanvis IJmuiden"}]},{"@type":"WebSite","@id":"https:\/\/www.pefa.com\/#website","url":"https:\/\/www.pefa.com\/","name":"pefa","description":"Online trading tools for fishermen, fish auctions and buyers","publisher":{"@id":"https:\/\/www.pefa.com\/#organization"},"potentialAction":[{"@type":"SearchAction","target":{"@type":"EntryPoint","urlTemplate":"https:\/\/www.pefa.com\/?s={search_term_string}"},"query-input":{"@type":"PropertyValueSpecification","valueRequired":true,"valueName":"search_term_string"}}],"inLanguage":"da-DK"},{"@type":"Organization","@id":"https:\/\/www.pefa.com\/#organization","name":"Pefa","url":"https:\/\/www.pefa.com\/","logo":{"@type":"ImageObject","inLanguage":"da-DK","@id":"https:\/\/www.pefa.com\/#\/schema\/logo\/image\/","url":"https:\/\/www.pefa.com\/wp-content\/uploads\/2022\/09\/CMYK_PEFA_LIGGEND.png","contentUrl":"https:\/\/www.pefa.com\/wp-content\/uploads\/2022\/09\/CMYK_PEFA_LIGGEND.png","width":1772,"height":443,"caption":"Pefa"},"image":{"@id":"https:\/\/www.pefa.com\/#\/schema\/logo\/image\/"},"sameAs":["https:\/\/www.facebook.com\/pefacom\/","https:\/\/x.com\/pefa_com"]}]}},"_links":{"self":[{"href":"https:\/\/www.pefa.com\/da\/wp-json\/wp\/v2\/pages\/24882","targetHints":{"allow":["GET"]}}],"collection":[{"href":"https:\/\/www.pefa.com\/da\/wp-json\/wp\/v2\/pages"}],"about":[{"href":"https:\/\/www.pefa.com\/da\/wp-json\/wp\/v2\/types\/page"}],"author":[{"embeddable":true,"href":"https:\/\/www.pefa.com\/da\/wp-json\/wp\/v2\/users\/6"}],"replies":[{"embeddable":true,"href":"https:\/\/www.pefa.com\/da\/wp-json\/wp\/v2\/comments?post=24882"}],"version-history":[{"count":2,"href":"https:\/\/www.pefa.com\/da\/wp-json\/wp\/v2\/pages\/24882\/revisions"}],"predecessor-version":[{"id":24886,"href":"https:\/\/www.pefa.com\/da\/wp-json\/wp\/v2\/pages\/24882\/revisions\/24886"}],"wp:featuredmedia":[{"embeddable":true,"href":"https:\/\/www.pefa.com\/da\/wp-json\/wp\/v2\/media\/24463"}],"wp:attachment":[{"href":"https:\/\/www.pefa.com\/da\/wp-json\/wp\/v2\/media?parent=24882"}],"curies":[{"name":"wp","href":"https:\/\/api.w.org\/{rel}","templated":true}]}}