{"id":24891,"date":"2022-12-14T09:32:37","date_gmt":"2022-12-14T09:32:37","guid":{"rendered":"https:\/\/www.pefa.com\/how-to-buy-fish-with-the-pefa-auction-network\/"},"modified":"2023-01-10T12:13:02","modified_gmt":"2023-01-10T12:13:02","slug":"kob-af-fisk-via-pefa-auction-netvaerket","status":"publish","type":"page","link":"https:\/\/www.pefa.com\/da\/kob-af-fisk-via-pefa-auction-netvaerket\/","title":{"rendered":"K\u00f8b af fisk via Pefa Auction-netv\u00e6rket"},"content":{"rendered":"\n<div id=\"content-two-cols-block_7b9ccf0d44dcac12b26ed6d84fd50642\" class=\"alignfull block-content-two-cols default\">\n\n\t<div class=\"container\">\n\t\t<div class=\"row justify-content-between align-items-center\">\n\n\t\t\t<div class=\"col-lg-6 col-12 order-2\">\n\t\t\t\t<div class=\"content\">\n\t\t\t\t\t\t\t\t\t\t<h4>1. K\u00f8bernummer<\/h4>\n<p>Alle auktioner i Pefa-netv\u00e6rket er selvst\u00e6ndige. \u00d8nsker du et k\u00f8bernummer til en af vores auktioner, kan du anmode om dette. Auktionen vil bede dig om at stille en bankgaranti. F\u00f8r du begynder at k\u00f8be, skal du derfor beslutte dig for, hvilken auktion du vil g\u00f8re det p\u00e5. Kontakt derfor auktionen for at aftale, hvordan bankgarantien kan stilles. Du finder en oversigt over vores auktioner p\u00e5 siden <a href=\"https:\/\/www.pefa.com\/da\/pefa-auctions\/\">Pefa Auctions<\/a>.<\/p>\n<h4>2. Pefa abonnement<\/h4>\n<p>Du finder detaljer om abonnementet p\u00e5 siden <a href=\"https:\/\/www.pefa.com\/sv\/tjanster\/pefa-auction-clock\/\">Pefa Auction Clock<\/a>. N\u00e5r vi har modtaget dine data, indtaster vi dem i vores system. Du vil herefter modtage en vejledning med dine loginoplysninger og brugervejledningen til at installere den hollandske auktion.<\/p>\n<h4>3. Sammenk\u00e6dning af k\u00f8bernummer til abonnement<\/h4>\n<p>S\u00e5 snart auktionen har modtaget din bankgaranti, vil de oprette et k\u00f8bernummer til dig. Pefa sammenk\u00e6der k\u00f8bernummeret med dit abonnement. N\u00e5r Pefa har sammenk\u00e6det, f\u00e5r du mulighed for at stoppe uret og k\u00f8be fisk.<\/p>\n<h4>4. Installering af software<\/h4>\n<p>Du kan installere softwaren til Pefa Auction Clock ved at klikke p\u00e5 ur-ikonet p\u00e5 vores hjemmeside (\u00f8verst til h\u00f8jre). N\u00e5r du har installeret uret, starter det automatisk i demo-tilstand. Du kan bruge demo-modellen til at blive mere fortrolig med vores system. Hvis du endnu ikke er fortrolig med at k\u00f8be fisk p\u00e5 fiskeriauktionen, r\u00e5der vi dig til at \u00f8ve dig med demo-modellen, inden du rent faktisk skal k\u00f8be fisk.<\/p>\n<h4>5. Kvalitet<\/h4>\n<p>Hver morgen vurderes fiskenes kvalitet af fiskeriauktionens medarbejdere. Du kan ogs\u00e5 se billeder af partierne af fisk i den hollandske auktion.<\/p>\n<h4>6. S\u00e5dan fungerer en hollandsk auktion<\/h4>\n<p>Auktionsuret starter ved den h\u00f8jeste pris. N\u00e5r uret startes, begynder prisen at falde. Den f\u00f8rste, der stopper uret, bliver ejer af fisken. N\u00e5r uret er stoppet, kan du efterf\u00f8lgende indtaste det n\u00f8jagtige antal kasser, du vil k\u00f8be. Knapperne til at stoppe uret med, er piletasterne p\u00e5 tastaturet.<\/p>\n<h4>7. Transport<\/h4>\n<p>Du skal selv arrangere transport fra auktionen til din virksomhed. Auktionspersonalet kan hj\u00e6lpe dig med at arrangere det p\u00e5 den mest effektive m\u00e5de. Kontakt venligst auktionen, inden du k\u00f8ber fisk for f\u00f8rste gang.<\/p>\n\t\t\t\t<\/div>\n\t\t\t<\/div>\n\n\t\t\t<div class=\"col-lg-6 col-12 order-lg-3 order-3\">\n\t\t\t\t\t\t\t<\/div>\n\n\t\t<\/div>\n\t<\/div>\n<\/div>\n\n\n\n<p><\/p>\n","protected":false},"excerpt":{"rendered":"","protected":false},"author":6,"featured_media":24562,"parent":0,"menu_order":0,"comment_status":"closed","ping_status":"closed","template":"","meta":{"_acf_changed":false,"footnotes":""},"class_list":["post-24891","page","type-page","status-publish","has-post-thumbnail","hentry"],"acf":[],"yoast_head":"<!-- This site is optimized with the Yoast SEO plugin v26.6 - https:\/\/yoast.com\/wordpress\/plugins\/seo\/ -->\n<title>K\u00f8b af fisk via Pefa Auction-netv\u00e6rket - pefa<\/title>\n<meta name=\"robots\" content=\"index, follow, max-snippet:-1, max-image-preview:large, max-video-preview:-1\" \/>\n<link rel=\"canonical\" href=\"https:\/\/www.pefa.com\/da\/kob-af-fisk-via-pefa-auction-netvaerket\/\" \/>\n<meta property=\"og:locale\" content=\"da_DK\" \/>\n<meta property=\"og:type\" content=\"article\" \/>\n<meta property=\"og:title\" content=\"K\u00f8b af fisk via Pefa Auction-netv\u00e6rket - pefa\" \/>\n<meta property=\"og:url\" content=\"https:\/\/www.pefa.com\/da\/kob-af-fisk-via-pefa-auction-netvaerket\/\" \/>\n<meta property=\"og:site_name\" content=\"pefa\" \/>\n<meta property=\"article:publisher\" content=\"https:\/\/www.facebook.com\/pefacom\/\" \/>\n<meta property=\"article:modified_time\" content=\"2023-01-10T12:13:02+00:00\" \/>\n<meta property=\"og:image\" content=\"https:\/\/www.pefa.com\/wp-content\/uploads\/2022\/12\/P4150019-Smogen-scaled.webp\" \/>\n\t<meta property=\"og:image:width\" content=\"2560\" \/>\n\t<meta property=\"og:image:height\" content=\"1920\" \/>\n\t<meta property=\"og:image:type\" content=\"image\/jpeg\" \/>\n<meta name=\"twitter:card\" content=\"summary_large_image\" \/>\n<meta name=\"twitter:site\" content=\"@pefa_com\" \/>\n<script type=\"application\/ld+json\" class=\"yoast-schema-graph\">{\"@context\":\"https:\/\/schema.org\",\"@graph\":[{\"@type\":\"WebPage\",\"@id\":\"https:\/\/www.pefa.com\/da\/kob-af-fisk-via-pefa-auction-netvaerket\/\",\"url\":\"https:\/\/www.pefa.com\/da\/kob-af-fisk-via-pefa-auction-netvaerket\/\",\"name\":\"K\u00f8b af fisk via Pefa Auction-netv\u00e6rket - pefa\",\"isPartOf\":{\"@id\":\"https:\/\/www.pefa.com\/#website\"},\"primaryImageOfPage\":{\"@id\":\"https:\/\/www.pefa.com\/da\/kob-af-fisk-via-pefa-auction-netvaerket\/#primaryimage\"},\"image\":{\"@id\":\"https:\/\/www.pefa.com\/da\/kob-af-fisk-via-pefa-auction-netvaerket\/#primaryimage\"},\"thumbnailUrl\":\"https:\/\/www.pefa.com\/wp-content\/uploads\/2022\/12\/P4150019-Smogen-scaled.webp\",\"datePublished\":\"2022-12-14T09:32:37+00:00\",\"dateModified\":\"2023-01-10T12:13:02+00:00\",\"breadcrumb\":{\"@id\":\"https:\/\/www.pefa.com\/da\/kob-af-fisk-via-pefa-auction-netvaerket\/#breadcrumb\"},\"inLanguage\":\"da-DK\",\"potentialAction\":[{\"@type\":\"ReadAction\",\"target\":[\"https:\/\/www.pefa.com\/da\/kob-af-fisk-via-pefa-auction-netvaerket\/\"]}]},{\"@type\":\"ImageObject\",\"inLanguage\":\"da-DK\",\"@id\":\"https:\/\/www.pefa.com\/da\/kob-af-fisk-via-pefa-auction-netvaerket\/#primaryimage\",\"url\":\"https:\/\/www.pefa.com\/wp-content\/uploads\/2022\/12\/P4150019-Smogen-scaled.webp\",\"contentUrl\":\"https:\/\/www.pefa.com\/wp-content\/uploads\/2022\/12\/P4150019-Smogen-scaled.webp\",\"width\":2560,\"height\":1920,\"caption\":\"OLYMPUS DIGITAL CAMERA\"},{\"@type\":\"BreadcrumbList\",\"@id\":\"https:\/\/www.pefa.com\/da\/kob-af-fisk-via-pefa-auction-netvaerket\/#breadcrumb\",\"itemListElement\":[{\"@type\":\"ListItem\",\"position\":1,\"name\":\"Home\",\"item\":\"https:\/\/www.pefa.com\/da\/\"},{\"@type\":\"ListItem\",\"position\":2,\"name\":\"K\u00f8b af fisk via Pefa Auction-netv\u00e6rket\"}]},{\"@type\":\"WebSite\",\"@id\":\"https:\/\/www.pefa.com\/#website\",\"url\":\"https:\/\/www.pefa.com\/\",\"name\":\"pefa\",\"description\":\"Online trading tools for fishermen, fish auctions and buyers\",\"publisher\":{\"@id\":\"https:\/\/www.pefa.com\/#organization\"},\"potentialAction\":[{\"@type\":\"SearchAction\",\"target\":{\"@type\":\"EntryPoint\",\"urlTemplate\":\"https:\/\/www.pefa.com\/?s={search_term_string}\"},\"query-input\":{\"@type\":\"PropertyValueSpecification\",\"valueRequired\":true,\"valueName\":\"search_term_string\"}}],\"inLanguage\":\"da-DK\"},{\"@type\":\"Organization\",\"@id\":\"https:\/\/www.pefa.com\/#organization\",\"name\":\"Pefa\",\"url\":\"https:\/\/www.pefa.com\/\",\"logo\":{\"@type\":\"ImageObject\",\"inLanguage\":\"da-DK\",\"@id\":\"https:\/\/www.pefa.com\/#\/schema\/logo\/image\/\",\"url\":\"https:\/\/www.pefa.com\/wp-content\/uploads\/2022\/09\/CMYK_PEFA_LIGGEND.png\",\"contentUrl\":\"https:\/\/www.pefa.com\/wp-content\/uploads\/2022\/09\/CMYK_PEFA_LIGGEND.png\",\"width\":1772,\"height\":443,\"caption\":\"Pefa\"},\"image\":{\"@id\":\"https:\/\/www.pefa.com\/#\/schema\/logo\/image\/\"},\"sameAs\":[\"https:\/\/www.facebook.com\/pefacom\/\",\"https:\/\/x.com\/pefa_com\"]}]}<\/script>\n<!-- \/ Yoast SEO plugin. -->","yoast_head_json":{"title":"K\u00f8b af fisk via Pefa Auction-netv\u00e6rket - pefa","robots":{"index":"index","follow":"follow","max-snippet":"max-snippet:-1","max-image-preview":"max-image-preview:large","max-video-preview":"max-video-preview:-1"},"canonical":"https:\/\/www.pefa.com\/da\/kob-af-fisk-via-pefa-auction-netvaerket\/","og_locale":"da_DK","og_type":"article","og_title":"K\u00f8b af fisk via Pefa Auction-netv\u00e6rket - pefa","og_url":"https:\/\/www.pefa.com\/da\/kob-af-fisk-via-pefa-auction-netvaerket\/","og_site_name":"pefa","article_publisher":"https:\/\/www.facebook.com\/pefacom\/","article_modified_time":"2023-01-10T12:13:02+00:00","og_image":[{"width":2560,"height":1920,"url":"https:\/\/www.pefa.com\/wp-content\/uploads\/2022\/12\/P4150019-Smogen-scaled.webp","type":"image\/jpeg"}],"twitter_card":"summary_large_image","twitter_site":"@pefa_com","schema":{"@context":"https:\/\/schema.org","@graph":[{"@type":"WebPage","@id":"https:\/\/www.pefa.com\/da\/kob-af-fisk-via-pefa-auction-netvaerket\/","url":"https:\/\/www.pefa.com\/da\/kob-af-fisk-via-pefa-auction-netvaerket\/","name":"K\u00f8b af fisk via Pefa Auction-netv\u00e6rket - pefa","isPartOf":{"@id":"https:\/\/www.pefa.com\/#website"},"primaryImageOfPage":{"@id":"https:\/\/www.pefa.com\/da\/kob-af-fisk-via-pefa-auction-netvaerket\/#primaryimage"},"image":{"@id":"https:\/\/www.pefa.com\/da\/kob-af-fisk-via-pefa-auction-netvaerket\/#primaryimage"},"thumbnailUrl":"https:\/\/www.pefa.com\/wp-content\/uploads\/2022\/12\/P4150019-Smogen-scaled.webp","datePublished":"2022-12-14T09:32:37+00:00","dateModified":"2023-01-10T12:13:02+00:00","breadcrumb":{"@id":"https:\/\/www.pefa.com\/da\/kob-af-fisk-via-pefa-auction-netvaerket\/#breadcrumb"},"inLanguage":"da-DK","potentialAction":[{"@type":"ReadAction","target":["https:\/\/www.pefa.com\/da\/kob-af-fisk-via-pefa-auction-netvaerket\/"]}]},{"@type":"ImageObject","inLanguage":"da-DK","@id":"https:\/\/www.pefa.com\/da\/kob-af-fisk-via-pefa-auction-netvaerket\/#primaryimage","url":"https:\/\/www.pefa.com\/wp-content\/uploads\/2022\/12\/P4150019-Smogen-scaled.webp","contentUrl":"https:\/\/www.pefa.com\/wp-content\/uploads\/2022\/12\/P4150019-Smogen-scaled.webp","width":2560,"height":1920,"caption":"OLYMPUS DIGITAL CAMERA"},{"@type":"BreadcrumbList","@id":"https:\/\/www.pefa.com\/da\/kob-af-fisk-via-pefa-auction-netvaerket\/#breadcrumb","itemListElement":[{"@type":"ListItem","position":1,"name":"Home","item":"https:\/\/www.pefa.com\/da\/"},{"@type":"ListItem","position":2,"name":"K\u00f8b af fisk via Pefa Auction-netv\u00e6rket"}]},{"@type":"WebSite","@id":"https:\/\/www.pefa.com\/#website","url":"https:\/\/www.pefa.com\/","name":"pefa","description":"Online trading tools for fishermen, fish auctions and buyers","publisher":{"@id":"https:\/\/www.pefa.com\/#organization"},"potentialAction":[{"@type":"SearchAction","target":{"@type":"EntryPoint","urlTemplate":"https:\/\/www.pefa.com\/?s={search_term_string}"},"query-input":{"@type":"PropertyValueSpecification","valueRequired":true,"valueName":"search_term_string"}}],"inLanguage":"da-DK"},{"@type":"Organization","@id":"https:\/\/www.pefa.com\/#organization","name":"Pefa","url":"https:\/\/www.pefa.com\/","logo":{"@type":"ImageObject","inLanguage":"da-DK","@id":"https:\/\/www.pefa.com\/#\/schema\/logo\/image\/","url":"https:\/\/www.pefa.com\/wp-content\/uploads\/2022\/09\/CMYK_PEFA_LIGGEND.png","contentUrl":"https:\/\/www.pefa.com\/wp-content\/uploads\/2022\/09\/CMYK_PEFA_LIGGEND.png","width":1772,"height":443,"caption":"Pefa"},"image":{"@id":"https:\/\/www.pefa.com\/#\/schema\/logo\/image\/"},"sameAs":["https:\/\/www.facebook.com\/pefacom\/","https:\/\/x.com\/pefa_com"]}]}},"_links":{"self":[{"href":"https:\/\/www.pefa.com\/da\/wp-json\/wp\/v2\/pages\/24891","targetHints":{"allow":["GET"]}}],"collection":[{"href":"https:\/\/www.pefa.com\/da\/wp-json\/wp\/v2\/pages"}],"about":[{"href":"https:\/\/www.pefa.com\/da\/wp-json\/wp\/v2\/types\/page"}],"author":[{"embeddable":true,"href":"https:\/\/www.pefa.com\/da\/wp-json\/wp\/v2\/users\/6"}],"replies":[{"embeddable":true,"href":"https:\/\/www.pefa.com\/da\/wp-json\/wp\/v2\/comments?post=24891"}],"version-history":[{"count":4,"href":"https:\/\/www.pefa.com\/da\/wp-json\/wp\/v2\/pages\/24891\/revisions"}],"predecessor-version":[{"id":24998,"href":"https:\/\/www.pefa.com\/da\/wp-json\/wp\/v2\/pages\/24891\/revisions\/24998"}],"wp:featuredmedia":[{"embeddable":true,"href":"https:\/\/www.pefa.com\/da\/wp-json\/wp\/v2\/media\/24562"}],"wp:attachment":[{"href":"https:\/\/www.pefa.com\/da\/wp-json\/wp\/v2\/media?parent=24891"}],"curies":[{"name":"wp","href":"https:\/\/api.w.org\/{rel}","templated":true}]}}