{"id":24811,"date":"2022-08-22T13:44:43","date_gmt":"2022-08-22T13:44:43","guid":{"rendered":"https:\/\/www.pefa.com\/home\/"},"modified":"2023-03-29T11:06:00","modified_gmt":"2023-03-29T11:06:00","slug":"home","status":"publish","type":"page","link":"https:\/\/www.pefa.com\/fr\/","title":{"rendered":"Home"},"content":{"rendered":"\n<div id=\"home-hero-block_6008ab5f1e79ae155d8a468d7b1bbc8c\" class=\"alignfull block-home-hero\" style=\"background-image: url(https:\/\/www.pefa.com\/wp-content\/uploads\/2023\/03\/89038053_2255700934737571_7949195629727580160_n-jpg.webp);\">\n\n\t<div class=\"header-content-wrapper\">\n\t\t<div class=\"container\">\n\t\t\t<div class=\"header-content\">\n\t\t\t\t<h1 class=\"entry-title\">Fish trading made easy<\/h1>\n\n\t\t\t\t\t\t\t\t\t<div class=\"intro\">\n\t\t\t\t\t\t<p class=\"western\">Pefa veut rendre l&rsquo;achat, la vente et l&rsquo;enregistrement du poisson frais aussi faciles que possible pour tout le monde. C&rsquo;est pourquoi nous proposons des services en ligne pour les p\u00eacheurs, les cri\u00e9es aux poissons et les acheteurs de poissons.<\/p>\n\t\t\t\t\t<\/div>\n\t\t\t\t\n\t\t\t\t<div class=\"buttons\">\n\t\t\t\t\t\t\t\t\t\t\t\t\t\t\t\t\t<a class=\"btn\" href=\"https:\/\/www.pefa.com\/fr\/services\/\" target=\"\">D\u00e9couvrez nos prestations<\/a>\n\t\t\t\t\t\t\t\t\t\t\t\t\t\t<\/div>\n\t\t\t<\/div>\n\t\t<\/div>\n\t<\/div>\n<\/div>\n\n\n\n<div id=\"fish-ticker-block_3afc29c155288a697933a551367004b9\" class=\"block-fish-ticker default alignfull\">\n\n\t<div class=\"ticker-wrap\">\n\t\t<div id=\"ticker\" class=\"ticker\">\n\n\n\n\t\t<\/div>\n\t<\/div>\n<\/div>\n\n\n\n<div id=\"banner-ads-block_0e3b14e58ee7e57f321bdeefe3c8b9c6\" class=\"block-banner-ads default\">\n\n\t<div id=\"banners\" class=\"banners\">\n\t\t<div class=\"container\">\n\t\t\t<h3 class=\"block-title\">Meet our partners<\/h3>\n\t\t\t<div class=\"row\">\n\t\t\t\t<div class=\"col-lg-3 col-md-6 col-12 col ad\">\n\t\t\t\t\t<div class='bar-container' bannerid='22730' target='' ><a target=\"_blank\" bannerid=\"22730\" href=\"https:\/\/www.rasechtvis.nl\/\" onclick=\"trackOutboundLink('https:\/\/www.rasechtvis.nl\/'); return false;\"\/><img loading=\"lazy\" decoding=\"async\" width=\"720\" height=\"600\" src=\"https:\/\/www.pefa.com\/wp-content\/uploads\/2022\/08\/RAS-ECHT-in-kleur-PEFA.jpg\" class=\"attachment-full size-full wp-post-image\" alt=\"\" srcset=\"https:\/\/www.pefa.com\/wp-content\/uploads\/2022\/08\/RAS-ECHT-in-kleur-PEFA.jpg 720w, https:\/\/www.pefa.com\/wp-content\/uploads\/2022\/08\/RAS-ECHT-in-kleur-PEFA-300x250.jpg 300w\" sizes=\"auto, (max-width: 720px) 100vw, 720px\" \/><\/a><\/div>\t\t\t\t<\/div>\n\t\t\t\t<div class=\"col-lg-3 col-md-6  col-12 col ad\">\n\t\t\t\t\t<div class='bar-container' bannerid='20707' target='' ><a target=\"_blank\" bannerid=\"20707\" href=\"https:\/\/www.itstransport.nl\/nl\/\" onclick=\"trackOutboundLink('https:\/\/www.itstransport.nl\/nl\/'); return false;\"\/><img loading=\"lazy\" decoding=\"async\" width=\"180\" height=\"150\" src=\"https:\/\/www.pefa.com\/wp-content\/uploads\/2022\/08\/ITS1.jpg\" class=\"attachment-full size-full wp-post-image\" alt=\"\" \/><\/a><\/div>\t\t\t\t<\/div>\n\t\t\t\t<div class=\"col-lg-3 col-md-6 col-12 col ad\">\n\t\t\t\t\t<div class='bar-container' bannerid='20519' target='' ><a target=\"_blank\" bannerid=\"20519\" href=\"https:\/\/nederlof-fish.nl\/\" onclick=\"trackOutboundLink('https:\/\/nederlof-fish.nl\/'); return false;\"\/><img loading=\"lazy\" decoding=\"async\" width=\"180\" height=\"150\" src=\"https:\/\/www.pefa.com\/wp-content\/uploads\/2022\/08\/Nederlof-V3.jpg\" class=\"attachment-full size-full wp-post-image\" alt=\"\" \/><\/a><\/div>\t\t\t\t<\/div>\n\t\t\t\t<div class=\"col-lg-3 col-md-6 col-12 col ad\">\n\t\t\t\t\t<div class='bar-container' bannerid='5856' target='' ><a target=\"_blank\" bannerid=\"5856\" href=\"http:\/\/www.oromar.nl\/\" onclick=\"trackOutboundLink('http:\/\/www.oromar.nl\/'); return false;\"\/><img loading=\"lazy\" decoding=\"async\" width=\"720\" height=\"600\" src=\"https:\/\/www.pefa.com\/wp-content\/uploads\/2022\/08\/Oromar-per-14-4-22.png\" class=\"attachment-full size-full wp-post-image\" alt=\"\" srcset=\"https:\/\/www.pefa.com\/wp-content\/uploads\/2022\/08\/Oromar-per-14-4-22.png 720w, https:\/\/www.pefa.com\/wp-content\/uploads\/2022\/08\/Oromar-per-14-4-22-300x250.png 300w\" sizes=\"auto, (max-width: 720px) 100vw, 720px\" \/><\/a><\/div>\t\t\t\t<\/div>\n\t\t\t<\/div>\n\t\t<\/div>\n\t<\/div>\n\n<\/div>\n\n\n\n<div id=\"content-video-block_6fbd28ae850a904e72d2afc46b30fc04\" class=\"alignfull block-content-video default\">\n\n\t<div class=\"container\">\n\t\t<div class=\"row justify-content-between align-items-center\">\n\t\t\t<div class=\"col-lg-5 col-12\">\n\t\t\t\t<div class=\"content\">\n\t\t\t\t\t<h3>Comment nous travaillons<\/h3>\n\t\t\t\t\t<p class=\"western\">Pefa fournit aux p\u00eacheurs, aux cri\u00e9es et aux acheteurs de poisson des services en ligne adapt\u00e9s au secteur de la p\u00eache que nous d\u00e9veloppons en fonction des besoins.<\/p>\n\t\t\t\t<\/div>\n\t\t\t<\/div>\n\t\t\t<div class=\"col-lg-7 col-12\">\n\t\t\t\t\t\t\t\t\t<div class=\"video-embed\">\n\t\t\t\t\t\t<iframe loading=\"lazy\" title=\"Discover online fish trading\" src=\"https:\/\/player.vimeo.com\/video\/289029379?dnt=1&amp;app_id=122963\" width=\"640\" height=\"360\" frameborder=\"0\" allow=\"autoplay; fullscreen; picture-in-picture; clipboard-write; encrypted-media; web-share\" referrerpolicy=\"strict-origin-when-cross-origin\"><\/iframe>\t\t\t\t\t<\/div>\n\t\t\t\t\t\t\t<\/div>\n\t\t<\/div>\n\t<\/div>\n<\/div>\n\n\n\n<div id=\"content-two-cols-block_160d9d91bdb4100d1493a7a301d1ec61\" class=\"alignfull block-content-two-cols default\">\n\n\t<div class=\"container\">\n\t\t<div class=\"row justify-content-between align-items-center\">\n\n\t\t\t<div class=\"col-lg-6 col-12 order-2\">\n\t\t\t\t<div class=\"content\">\n\t\t\t\t\t\t\t\t\t\t\t<h2 class=\"block-title\">Acheter du poisson par le biais du r\u00e9seau Pefa Auction<\/h2>\n\t\t\t\t\t\t\t\t\t\t<p>Il n\u2019y a rien de plus facile que d&rsquo;acheter du poisson par l&rsquo;interm\u00e9diaire de Pefa. Tout ce dont vous avez besoin est un contrat d&rsquo;achat \u00e0 distance avec Pefa et un num\u00e9ro d&rsquo;acheteur \u00e0 la cri\u00e9e o\u00f9 vous voulez acheter du poisson. Si vous avez les deux, vous pouvez commencer \u00e0 acheter du poisson \u00e0 distance. <a href=\"https:\/\/www.pefa.com\/fr\/acheter-du-poisson-par-le-biais-du-reseau-pefa-auction\/\">Read more<\/a>.<\/p>\n\t\t\t\t<\/div>\n\t\t\t<\/div>\n\n\t\t\t<div class=\"col-lg-6 col-12 order-lg-1 order-3\">\n\t\t\t\t\t\t\t\t\t<div class=\"image\">\n\t\t\t\t\t\t<img loading=\"lazy\" decoding=\"async\" width=\"640\" height=\"480\" src=\"https:\/\/www.pefa.com\/wp-content\/uploads\/2022\/12\/P4150019-Smogen-1024x768.webp\" class=\"attachment-large size-large\" alt=\"\" srcset=\"https:\/\/www.pefa.com\/wp-content\/uploads\/2022\/12\/P4150019-Smogen-1024x768.webp 1024w, https:\/\/www.pefa.com\/wp-content\/uploads\/2022\/12\/P4150019-Smogen-300x225.webp 300w, https:\/\/www.pefa.com\/wp-content\/uploads\/2022\/12\/P4150019-Smogen-768x576.webp 768w, https:\/\/www.pefa.com\/wp-content\/uploads\/2022\/12\/P4150019-Smogen-1536x1152.webp 1536w, https:\/\/www.pefa.com\/wp-content\/uploads\/2022\/12\/P4150019-Smogen-2048x1536.webp 2048w\" sizes=\"auto, (max-width: 640px) 100vw, 640px\" \/>\t\t\t\t\t<\/div>\n\t\t\t\t\t\t\t<\/div>\n\n\t\t<\/div>\n\t<\/div>\n<\/div>\n","protected":false},"excerpt":{"rendered":"","protected":false},"author":5,"featured_media":0,"parent":0,"menu_order":0,"comment_status":"closed","ping_status":"closed","template":"","meta":{"_acf_changed":false,"footnotes":""},"class_list":["post-24811","page","type-page","status-publish","hentry"],"acf":[],"yoast_head":"<!-- This site is optimized with the Yoast SEO plugin v26.6 - https:\/\/yoast.com\/wordpress\/plugins\/seo\/ -->\n<title>Home - pefa<\/title>\n<meta name=\"robots\" content=\"index, follow, max-snippet:-1, max-image-preview:large, max-video-preview:-1\" \/>\n<link rel=\"canonical\" href=\"https:\/\/www.pefa.com\/fr\/\" \/>\n<meta property=\"og:locale\" content=\"fr_FR\" \/>\n<meta property=\"og:type\" content=\"article\" \/>\n<meta property=\"og:title\" content=\"Home - pefa\" \/>\n<meta property=\"og:url\" content=\"https:\/\/www.pefa.com\/fr\/\" \/>\n<meta property=\"og:site_name\" content=\"pefa\" \/>\n<meta property=\"article:publisher\" content=\"https:\/\/www.facebook.com\/pefacom\/\" \/>\n<meta property=\"article:modified_time\" content=\"2023-03-29T11:06:00+00:00\" \/>\n<meta name=\"twitter:card\" content=\"summary_large_image\" \/>\n<meta name=\"twitter:site\" content=\"@pefa_com\" \/>\n<script type=\"application\/ld+json\" class=\"yoast-schema-graph\">{\"@context\":\"https:\/\/schema.org\",\"@graph\":[{\"@type\":\"WebPage\",\"@id\":\"https:\/\/www.pefa.com\/fr\/\",\"url\":\"https:\/\/www.pefa.com\/fr\/\",\"name\":\"Home - pefa\",\"isPartOf\":{\"@id\":\"https:\/\/www.pefa.com\/#website\"},\"datePublished\":\"2022-08-22T13:44:43+00:00\",\"dateModified\":\"2023-03-29T11:06:00+00:00\",\"breadcrumb\":{\"@id\":\"https:\/\/www.pefa.com\/fr\/#breadcrumb\"},\"inLanguage\":\"fr-FR\",\"potentialAction\":[{\"@type\":\"ReadAction\",\"target\":[\"https:\/\/www.pefa.com\/fr\/\"]}]},{\"@type\":\"BreadcrumbList\",\"@id\":\"https:\/\/www.pefa.com\/fr\/#breadcrumb\",\"itemListElement\":[{\"@type\":\"ListItem\",\"position\":1,\"name\":\"Home\",\"item\":\"https:\/\/www.pefa.com\/fr\/\"},{\"@type\":\"ListItem\",\"position\":2,\"name\":\"Home\"}]},{\"@type\":\"WebSite\",\"@id\":\"https:\/\/www.pefa.com\/#website\",\"url\":\"https:\/\/www.pefa.com\/\",\"name\":\"pefa\",\"description\":\"Online trading tools for fishermen, fish auctions and buyers\",\"publisher\":{\"@id\":\"https:\/\/www.pefa.com\/#organization\"},\"potentialAction\":[{\"@type\":\"SearchAction\",\"target\":{\"@type\":\"EntryPoint\",\"urlTemplate\":\"https:\/\/www.pefa.com\/?s={search_term_string}\"},\"query-input\":{\"@type\":\"PropertyValueSpecification\",\"valueRequired\":true,\"valueName\":\"search_term_string\"}}],\"inLanguage\":\"fr-FR\"},{\"@type\":\"Organization\",\"@id\":\"https:\/\/www.pefa.com\/#organization\",\"name\":\"Pefa\",\"url\":\"https:\/\/www.pefa.com\/\",\"logo\":{\"@type\":\"ImageObject\",\"inLanguage\":\"fr-FR\",\"@id\":\"https:\/\/www.pefa.com\/#\/schema\/logo\/image\/\",\"url\":\"https:\/\/www.pefa.com\/wp-content\/uploads\/2022\/09\/CMYK_PEFA_LIGGEND.png\",\"contentUrl\":\"https:\/\/www.pefa.com\/wp-content\/uploads\/2022\/09\/CMYK_PEFA_LIGGEND.png\",\"width\":1772,\"height\":443,\"caption\":\"Pefa\"},\"image\":{\"@id\":\"https:\/\/www.pefa.com\/#\/schema\/logo\/image\/\"},\"sameAs\":[\"https:\/\/www.facebook.com\/pefacom\/\",\"https:\/\/x.com\/pefa_com\"]}]}<\/script>\n<!-- \/ Yoast SEO plugin. -->","yoast_head_json":{"title":"Home - pefa","robots":{"index":"index","follow":"follow","max-snippet":"max-snippet:-1","max-image-preview":"max-image-preview:large","max-video-preview":"max-video-preview:-1"},"canonical":"https:\/\/www.pefa.com\/fr\/","og_locale":"fr_FR","og_type":"article","og_title":"Home - pefa","og_url":"https:\/\/www.pefa.com\/fr\/","og_site_name":"pefa","article_publisher":"https:\/\/www.facebook.com\/pefacom\/","article_modified_time":"2023-03-29T11:06:00+00:00","twitter_card":"summary_large_image","twitter_site":"@pefa_com","schema":{"@context":"https:\/\/schema.org","@graph":[{"@type":"WebPage","@id":"https:\/\/www.pefa.com\/fr\/","url":"https:\/\/www.pefa.com\/fr\/","name":"Home - pefa","isPartOf":{"@id":"https:\/\/www.pefa.com\/#website"},"datePublished":"2022-08-22T13:44:43+00:00","dateModified":"2023-03-29T11:06:00+00:00","breadcrumb":{"@id":"https:\/\/www.pefa.com\/fr\/#breadcrumb"},"inLanguage":"fr-FR","potentialAction":[{"@type":"ReadAction","target":["https:\/\/www.pefa.com\/fr\/"]}]},{"@type":"BreadcrumbList","@id":"https:\/\/www.pefa.com\/fr\/#breadcrumb","itemListElement":[{"@type":"ListItem","position":1,"name":"Home","item":"https:\/\/www.pefa.com\/fr\/"},{"@type":"ListItem","position":2,"name":"Home"}]},{"@type":"WebSite","@id":"https:\/\/www.pefa.com\/#website","url":"https:\/\/www.pefa.com\/","name":"pefa","description":"Online trading tools for fishermen, fish auctions and buyers","publisher":{"@id":"https:\/\/www.pefa.com\/#organization"},"potentialAction":[{"@type":"SearchAction","target":{"@type":"EntryPoint","urlTemplate":"https:\/\/www.pefa.com\/?s={search_term_string}"},"query-input":{"@type":"PropertyValueSpecification","valueRequired":true,"valueName":"search_term_string"}}],"inLanguage":"fr-FR"},{"@type":"Organization","@id":"https:\/\/www.pefa.com\/#organization","name":"Pefa","url":"https:\/\/www.pefa.com\/","logo":{"@type":"ImageObject","inLanguage":"fr-FR","@id":"https:\/\/www.pefa.com\/#\/schema\/logo\/image\/","url":"https:\/\/www.pefa.com\/wp-content\/uploads\/2022\/09\/CMYK_PEFA_LIGGEND.png","contentUrl":"https:\/\/www.pefa.com\/wp-content\/uploads\/2022\/09\/CMYK_PEFA_LIGGEND.png","width":1772,"height":443,"caption":"Pefa"},"image":{"@id":"https:\/\/www.pefa.com\/#\/schema\/logo\/image\/"},"sameAs":["https:\/\/www.facebook.com\/pefacom\/","https:\/\/x.com\/pefa_com"]}]}},"_links":{"self":[{"href":"https:\/\/www.pefa.com\/fr\/wp-json\/wp\/v2\/pages\/24811","targetHints":{"allow":["GET"]}}],"collection":[{"href":"https:\/\/www.pefa.com\/fr\/wp-json\/wp\/v2\/pages"}],"about":[{"href":"https:\/\/www.pefa.com\/fr\/wp-json\/wp\/v2\/types\/page"}],"author":[{"embeddable":true,"href":"https:\/\/www.pefa.com\/fr\/wp-json\/wp\/v2\/users\/5"}],"replies":[{"embeddable":true,"href":"https:\/\/www.pefa.com\/fr\/wp-json\/wp\/v2\/comments?post=24811"}],"version-history":[{"count":5,"href":"https:\/\/www.pefa.com\/fr\/wp-json\/wp\/v2\/pages\/24811\/revisions"}],"predecessor-version":[{"id":25145,"href":"https:\/\/www.pefa.com\/fr\/wp-json\/wp\/v2\/pages\/24811\/revisions\/25145"}],"wp:attachment":[{"href":"https:\/\/www.pefa.com\/fr\/wp-json\/wp\/v2\/media?parent=24811"}],"curies":[{"name":"wp","href":"https:\/\/api.w.org\/{rel}","templated":true}]}}