{"id":24846,"date":"2022-08-31T09:15:21","date_gmt":"2022-08-31T09:15:21","guid":{"rendered":"https:\/\/www.pefa.com\/about-us\/"},"modified":"2023-03-03T08:28:30","modified_gmt":"2023-03-03T08:28:30","slug":"a-propos-de-nous","status":"publish","type":"page","link":"https:\/\/www.pefa.com\/fr\/a-propos-de-nous\/","title":{"rendered":"\u00c0 propos de nous"},"content":{"rendered":"\n<div id=\"content-two-cols-block_9caa9b1e12a2295519e0c5ef0b2e517e\" class=\"alignfull block-content-two-cols default\">\n\n\t<div class=\"container\">\n\t\t<div class=\"row justify-content-between align-items-center\">\n\n\t\t\t<div class=\"col-lg-6 col-12 order-2\">\n\t\t\t\t<div class=\"content\">\n\t\t\t\t\t\t\t\t\t\t\t<h2 class=\"block-title\">Notre histoire<\/h2>\n\t\t\t\t\t\t\t\t\t\t<p>Notre premier service, Pefa Auction Clock, a vu le jour il y a environ 25 ans. Puis les services comme Pefa Auction, Pefa Data pour les p\u00eacheurs et Pefa eLog ont suivi. Ils ont tous un point commun\u00a0: il s\u2019agit de services en ligne qui facilitent le travail des p\u00eacheurs, des cri\u00e9es et des acheteurs de poisson. En outre, ils \u00e9voluent en fonction des besoins et du d\u00e9veloppement du secteur de la p\u00eache.<\/p>\n\t\t\t\t<\/div>\n\t\t\t<\/div>\n\n\t\t\t<div class=\"col-lg-6 col-12 order-lg-1 order-3\">\n\t\t\t\t\t\t\t\t\t<div class=\"image\">\n\t\t\t\t\t\t<img loading=\"lazy\" decoding=\"async\" width=\"640\" height=\"427\" src=\"https:\/\/www.pefa.com\/wp-content\/uploads\/2022\/08\/IMG_4638-1024x683.jpg\" class=\"attachment-large size-large\" alt=\"\" srcset=\"https:\/\/www.pefa.com\/wp-content\/uploads\/2022\/08\/IMG_4638-1024x683.jpg 1024w, https:\/\/www.pefa.com\/wp-content\/uploads\/2022\/08\/IMG_4638-300x200.jpg 300w, https:\/\/www.pefa.com\/wp-content\/uploads\/2022\/08\/IMG_4638-768x512.jpg 768w, https:\/\/www.pefa.com\/wp-content\/uploads\/2022\/08\/IMG_4638-1536x1024.jpg 1536w, https:\/\/www.pefa.com\/wp-content\/uploads\/2022\/08\/IMG_4638.jpg 1600w\" sizes=\"auto, (max-width: 640px) 100vw, 640px\" \/>\t\t\t\t\t<\/div>\n\t\t\t\t\t\t\t<\/div>\n\n\t\t<\/div>\n\t<\/div>\n<\/div>\n\n\n\n<div id=\"team-block_91fc631d6b13b2e21449735f6e0c7545\" class=\"alignfull block-team default\">\n\n\t<div class=\"container\">\n\t\t<h3 class=\"block-title\">Notre \u00e9quipe permanente comprend:<\/h3>\n\n\t\t\t\t\t<div class=\"row justify-content-between\">\n\t\t\t\t\t\t\t\t\t<div class=\"col-lg-3 col-md-6 col-12\">\n\t\t\t\t\t\t<div class=\"member\">\n\t\t\t\t\t\t\t<div class=\"image\" style=\"background-image: url(https:\/\/www.pefa.com\/wp-content\/uploads\/2022\/08\/IMG_4537-1-1024x1024.jpg);\"><\/div>\n\t\t\t\t\t\t\t<div class=\"content-box\">\n\t\t\t\t\t\t\t\t<h6>Gijsbert Spek<\/h6>\n\t\t\t\t\t\t\t\t<div class=\"desc\"><p>Managing Director<br \/>\n+31 (0)70 358 87 87<br \/>\n<a href=\"mailto:gijsbert.spek@pefa.com\">gijsbert.spek@pefa.com<\/a><\/p>\n<\/div>\n\t\t\t\t\t\t\t<\/div>\n\t\t\t\t\t\t<\/div>\n\t\t\t\t\t<\/div>\n\n\t\t\t\t\t\t\t\t\t<div class=\"col-lg-3 col-md-6 col-12\">\n\t\t\t\t\t\t<div class=\"member\">\n\t\t\t\t\t\t\t<div class=\"image\" style=\"background-image: url(https:\/\/www.pefa.com\/wp-content\/uploads\/2022\/08\/IMG_4534-1-1024x1024.jpg);\"><\/div>\n\t\t\t\t\t\t\t<div class=\"content-box\">\n\t\t\t\t\t\t\t\t<h6>Rosita Dihal<\/h6>\n\t\t\t\t\t\t\t\t<div class=\"desc\"><p>Financial Assistant<br \/>\n+31 (0)70 358 87 87<br \/>\n<a href=\"mailto:rosita.dihal@pefa.com\">rosita.dihal@pefa.com<\/a><\/p>\n<\/div>\n\t\t\t\t\t\t\t<\/div>\n\t\t\t\t\t\t<\/div>\n\t\t\t\t\t<\/div>\n\n\t\t\t\t\t\t\t\t\t<div class=\"col-lg-3 col-md-6 col-12\">\n\t\t\t\t\t\t<div class=\"member\">\n\t\t\t\t\t\t\t<div class=\"image\" style=\"background-image: url(https:\/\/www.pefa.com\/wp-content\/uploads\/2022\/08\/IMG_4507-1-1024x1024.jpg);\"><\/div>\n\t\t\t\t\t\t\t<div class=\"content-box\">\n\t\t\t\t\t\t\t\t<h6>Michel van Deursen<\/h6>\n\t\t\t\t\t\t\t\t<div class=\"desc\"><p>System Administrator<br \/>\n+31 (0)70 358 87 87<br \/>\n<a href=\"mailto:michel.vandeursen@pefa.com\">michel.vandeursen@pefa.com<\/a><\/p>\n<\/div>\n\t\t\t\t\t\t\t<\/div>\n\t\t\t\t\t\t<\/div>\n\t\t\t\t\t<\/div>\n\n\t\t\t\t\t\t\t\t\t<div class=\"col-lg-3 col-md-6 col-12\">\n\t\t\t\t\t\t<div class=\"member\">\n\t\t\t\t\t\t\t<div class=\"image\" style=\"background-image: url(https:\/\/www.pefa.com\/wp-content\/uploads\/2022\/08\/IMG_6647-768x1024.jpeg);\"><\/div>\n\t\t\t\t\t\t\t<div class=\"content-box\">\n\t\t\t\t\t\t\t\t<h6>Michiel Lansing<\/h6>\n\t\t\t\t\t\t\t\t<div class=\"desc\"><p>Account Manager<br \/>\n+31 (0)70 358 87 87<br \/>\n<a href=\"mailto:michiel.lansing@pefa.com\">michiel.lansing@pefa.com<\/a><\/p>\n<\/div>\n\t\t\t\t\t\t\t<\/div>\n\t\t\t\t\t\t<\/div>\n\t\t\t\t\t<\/div>\n\n\t\t\t\t\n\t\t\t<\/div>\n\t\t\n\n\t<\/div>\n<\/div>\n","protected":false},"excerpt":{"rendered":"","protected":false},"author":1,"featured_media":23946,"parent":0,"menu_order":0,"comment_status":"closed","ping_status":"closed","template":"","meta":{"_acf_changed":false,"footnotes":""},"class_list":["post-24846","page","type-page","status-publish","has-post-thumbnail","hentry"],"acf":[],"yoast_head":"<!-- This site is optimized with the Yoast SEO plugin v26.6 - https:\/\/yoast.com\/wordpress\/plugins\/seo\/ -->\n<title>\u00c0 propos de nous - pefa<\/title>\n<meta name=\"robots\" content=\"index, follow, max-snippet:-1, max-image-preview:large, max-video-preview:-1\" \/>\n<link rel=\"canonical\" href=\"https:\/\/www.pefa.com\/fr\/a-propos-de-nous\/\" \/>\n<meta property=\"og:locale\" content=\"fr_FR\" \/>\n<meta property=\"og:type\" content=\"article\" \/>\n<meta property=\"og:title\" content=\"\u00c0 propos de nous - pefa\" \/>\n<meta property=\"og:url\" content=\"https:\/\/www.pefa.com\/fr\/a-propos-de-nous\/\" \/>\n<meta property=\"og:site_name\" content=\"pefa\" \/>\n<meta property=\"article:publisher\" content=\"https:\/\/www.facebook.com\/pefacom\/\" \/>\n<meta property=\"article:modified_time\" content=\"2023-03-03T08:28:30+00:00\" \/>\n<meta property=\"og:image\" content=\"https:\/\/www.pefa.com\/wp-content\/uploads\/2022\/08\/about-us.jpg\" \/>\n\t<meta property=\"og:image:width\" content=\"800\" \/>\n\t<meta property=\"og:image:height\" content=\"525\" \/>\n\t<meta property=\"og:image:type\" content=\"image\/jpeg\" \/>\n<meta name=\"twitter:card\" content=\"summary_large_image\" \/>\n<meta name=\"twitter:site\" content=\"@pefa_com\" \/>\n<script type=\"application\/ld+json\" class=\"yoast-schema-graph\">{\"@context\":\"https:\/\/schema.org\",\"@graph\":[{\"@type\":\"WebPage\",\"@id\":\"https:\/\/www.pefa.com\/fr\/a-propos-de-nous\/\",\"url\":\"https:\/\/www.pefa.com\/fr\/a-propos-de-nous\/\",\"name\":\"\u00c0 propos de nous - pefa\",\"isPartOf\":{\"@id\":\"https:\/\/www.pefa.com\/#website\"},\"primaryImageOfPage\":{\"@id\":\"https:\/\/www.pefa.com\/fr\/a-propos-de-nous\/#primaryimage\"},\"image\":{\"@id\":\"https:\/\/www.pefa.com\/fr\/a-propos-de-nous\/#primaryimage\"},\"thumbnailUrl\":\"https:\/\/www.pefa.com\/wp-content\/uploads\/2022\/08\/about-us.jpg\",\"datePublished\":\"2022-08-31T09:15:21+00:00\",\"dateModified\":\"2023-03-03T08:28:30+00:00\",\"breadcrumb\":{\"@id\":\"https:\/\/www.pefa.com\/fr\/a-propos-de-nous\/#breadcrumb\"},\"inLanguage\":\"fr-FR\",\"potentialAction\":[{\"@type\":\"ReadAction\",\"target\":[\"https:\/\/www.pefa.com\/fr\/a-propos-de-nous\/\"]}]},{\"@type\":\"ImageObject\",\"inLanguage\":\"fr-FR\",\"@id\":\"https:\/\/www.pefa.com\/fr\/a-propos-de-nous\/#primaryimage\",\"url\":\"https:\/\/www.pefa.com\/wp-content\/uploads\/2022\/08\/about-us.jpg\",\"contentUrl\":\"https:\/\/www.pefa.com\/wp-content\/uploads\/2022\/08\/about-us.jpg\",\"width\":800,\"height\":525},{\"@type\":\"BreadcrumbList\",\"@id\":\"https:\/\/www.pefa.com\/fr\/a-propos-de-nous\/#breadcrumb\",\"itemListElement\":[{\"@type\":\"ListItem\",\"position\":1,\"name\":\"Home\",\"item\":\"https:\/\/www.pefa.com\/fr\/\"},{\"@type\":\"ListItem\",\"position\":2,\"name\":\"\u00c0 propos de nous\"}]},{\"@type\":\"WebSite\",\"@id\":\"https:\/\/www.pefa.com\/#website\",\"url\":\"https:\/\/www.pefa.com\/\",\"name\":\"pefa\",\"description\":\"Online trading tools for fishermen, fish auctions and buyers\",\"publisher\":{\"@id\":\"https:\/\/www.pefa.com\/#organization\"},\"potentialAction\":[{\"@type\":\"SearchAction\",\"target\":{\"@type\":\"EntryPoint\",\"urlTemplate\":\"https:\/\/www.pefa.com\/?s={search_term_string}\"},\"query-input\":{\"@type\":\"PropertyValueSpecification\",\"valueRequired\":true,\"valueName\":\"search_term_string\"}}],\"inLanguage\":\"fr-FR\"},{\"@type\":\"Organization\",\"@id\":\"https:\/\/www.pefa.com\/#organization\",\"name\":\"Pefa\",\"url\":\"https:\/\/www.pefa.com\/\",\"logo\":{\"@type\":\"ImageObject\",\"inLanguage\":\"fr-FR\",\"@id\":\"https:\/\/www.pefa.com\/#\/schema\/logo\/image\/\",\"url\":\"https:\/\/www.pefa.com\/wp-content\/uploads\/2022\/09\/CMYK_PEFA_LIGGEND.png\",\"contentUrl\":\"https:\/\/www.pefa.com\/wp-content\/uploads\/2022\/09\/CMYK_PEFA_LIGGEND.png\",\"width\":1772,\"height\":443,\"caption\":\"Pefa\"},\"image\":{\"@id\":\"https:\/\/www.pefa.com\/#\/schema\/logo\/image\/\"},\"sameAs\":[\"https:\/\/www.facebook.com\/pefacom\/\",\"https:\/\/x.com\/pefa_com\"]}]}<\/script>\n<!-- \/ Yoast SEO plugin. -->","yoast_head_json":{"title":"\u00c0 propos de nous - pefa","robots":{"index":"index","follow":"follow","max-snippet":"max-snippet:-1","max-image-preview":"max-image-preview:large","max-video-preview":"max-video-preview:-1"},"canonical":"https:\/\/www.pefa.com\/fr\/a-propos-de-nous\/","og_locale":"fr_FR","og_type":"article","og_title":"\u00c0 propos de nous - pefa","og_url":"https:\/\/www.pefa.com\/fr\/a-propos-de-nous\/","og_site_name":"pefa","article_publisher":"https:\/\/www.facebook.com\/pefacom\/","article_modified_time":"2023-03-03T08:28:30+00:00","og_image":[{"width":800,"height":525,"url":"https:\/\/www.pefa.com\/wp-content\/uploads\/2022\/08\/about-us.jpg","type":"image\/jpeg"}],"twitter_card":"summary_large_image","twitter_site":"@pefa_com","schema":{"@context":"https:\/\/schema.org","@graph":[{"@type":"WebPage","@id":"https:\/\/www.pefa.com\/fr\/a-propos-de-nous\/","url":"https:\/\/www.pefa.com\/fr\/a-propos-de-nous\/","name":"\u00c0 propos de nous - pefa","isPartOf":{"@id":"https:\/\/www.pefa.com\/#website"},"primaryImageOfPage":{"@id":"https:\/\/www.pefa.com\/fr\/a-propos-de-nous\/#primaryimage"},"image":{"@id":"https:\/\/www.pefa.com\/fr\/a-propos-de-nous\/#primaryimage"},"thumbnailUrl":"https:\/\/www.pefa.com\/wp-content\/uploads\/2022\/08\/about-us.jpg","datePublished":"2022-08-31T09:15:21+00:00","dateModified":"2023-03-03T08:28:30+00:00","breadcrumb":{"@id":"https:\/\/www.pefa.com\/fr\/a-propos-de-nous\/#breadcrumb"},"inLanguage":"fr-FR","potentialAction":[{"@type":"ReadAction","target":["https:\/\/www.pefa.com\/fr\/a-propos-de-nous\/"]}]},{"@type":"ImageObject","inLanguage":"fr-FR","@id":"https:\/\/www.pefa.com\/fr\/a-propos-de-nous\/#primaryimage","url":"https:\/\/www.pefa.com\/wp-content\/uploads\/2022\/08\/about-us.jpg","contentUrl":"https:\/\/www.pefa.com\/wp-content\/uploads\/2022\/08\/about-us.jpg","width":800,"height":525},{"@type":"BreadcrumbList","@id":"https:\/\/www.pefa.com\/fr\/a-propos-de-nous\/#breadcrumb","itemListElement":[{"@type":"ListItem","position":1,"name":"Home","item":"https:\/\/www.pefa.com\/fr\/"},{"@type":"ListItem","position":2,"name":"\u00c0 propos de nous"}]},{"@type":"WebSite","@id":"https:\/\/www.pefa.com\/#website","url":"https:\/\/www.pefa.com\/","name":"pefa","description":"Online trading tools for fishermen, fish auctions and buyers","publisher":{"@id":"https:\/\/www.pefa.com\/#organization"},"potentialAction":[{"@type":"SearchAction","target":{"@type":"EntryPoint","urlTemplate":"https:\/\/www.pefa.com\/?s={search_term_string}"},"query-input":{"@type":"PropertyValueSpecification","valueRequired":true,"valueName":"search_term_string"}}],"inLanguage":"fr-FR"},{"@type":"Organization","@id":"https:\/\/www.pefa.com\/#organization","name":"Pefa","url":"https:\/\/www.pefa.com\/","logo":{"@type":"ImageObject","inLanguage":"fr-FR","@id":"https:\/\/www.pefa.com\/#\/schema\/logo\/image\/","url":"https:\/\/www.pefa.com\/wp-content\/uploads\/2022\/09\/CMYK_PEFA_LIGGEND.png","contentUrl":"https:\/\/www.pefa.com\/wp-content\/uploads\/2022\/09\/CMYK_PEFA_LIGGEND.png","width":1772,"height":443,"caption":"Pefa"},"image":{"@id":"https:\/\/www.pefa.com\/#\/schema\/logo\/image\/"},"sameAs":["https:\/\/www.facebook.com\/pefacom\/","https:\/\/x.com\/pefa_com"]}]}},"_links":{"self":[{"href":"https:\/\/www.pefa.com\/fr\/wp-json\/wp\/v2\/pages\/24846","targetHints":{"allow":["GET"]}}],"collection":[{"href":"https:\/\/www.pefa.com\/fr\/wp-json\/wp\/v2\/pages"}],"about":[{"href":"https:\/\/www.pefa.com\/fr\/wp-json\/wp\/v2\/types\/page"}],"author":[{"embeddable":true,"href":"https:\/\/www.pefa.com\/fr\/wp-json\/wp\/v2\/users\/1"}],"replies":[{"embeddable":true,"href":"https:\/\/www.pefa.com\/fr\/wp-json\/wp\/v2\/comments?post=24846"}],"version-history":[{"count":4,"href":"https:\/\/www.pefa.com\/fr\/wp-json\/wp\/v2\/pages\/24846\/revisions"}],"predecessor-version":[{"id":25098,"href":"https:\/\/www.pefa.com\/fr\/wp-json\/wp\/v2\/pages\/24846\/revisions\/25098"}],"wp:featuredmedia":[{"embeddable":true,"href":"https:\/\/www.pefa.com\/fr\/wp-json\/wp\/v2\/media\/23946"}],"wp:attachment":[{"href":"https:\/\/www.pefa.com\/fr\/wp-json\/wp\/v2\/media?parent=24846"}],"curies":[{"name":"wp","href":"https:\/\/api.w.org\/{rel}","templated":true}]}}