{"id":24883,"date":"2022-12-14T08:59:00","date_gmt":"2022-12-14T08:59:00","guid":{"rendered":"https:\/\/www.pefa.com\/zwanvis-pefa-auction-clock\/"},"modified":"2023-01-10T09:43:57","modified_gmt":"2023-01-10T09:43:57","slug":"temoignage-dun-client-zwanvis-ijmuiden","status":"publish","type":"page","link":"https:\/\/www.pefa.com\/fr\/temoignage-dun-client-zwanvis-ijmuiden\/","title":{"rendered":"T\u00e9moignage d&rsquo;un client Zwanvis IJmuiden"},"content":{"rendered":"\n<div id=\"content-two-cols-block_28239b1844329c8b97efb4f116647225\" class=\"alignfull block-content-two-cols default\">\n\n\t<div class=\"container\">\n\t\t<div class=\"row justify-content-between align-items-center\">\n\n\t\t\t<div class=\"col-lg-6 col-12 order-2\">\n\t\t\t\t<div class=\"content\">\n\t\t\t\t\t\t\t\t\t\t<h4>Selon vous, quelle est la meilleure fonctionnalit\u00e9 de Pefa Auction Clock\u00a0?<\/h4>\n<p>Collin\u00a0: \u00ab\u00a0J&rsquo;ai utilis\u00e9 l&rsquo;ancienne cri\u00e9e en ligne de Pefa pendant environ huit ans, et le pr\u00e9c\u00e9dent propri\u00e9taire de Zwanvis avant moi. Pefa Auction Clock, que nous utilisons depuis environ 2 mois, est un service bien plus complet et performant que la version pr\u00e9c\u00e9dente. Les jours o\u00f9 il y a un grand arrivage sur diff\u00e9rentes cri\u00e9es, nous suivons 6 cadrans en m\u00eame temps sur seulement 2 \u00e9crans. Le syst\u00e8me est bien fait.\u00a0\u00bb<\/p>\n<h4>Et ensuite\u00a0?<\/h4>\n<p>\u00ab\u00a0Pouvoir voir en un coup d&rsquo;\u0153il ce qui a \u00e9t\u00e9 achet\u00e9, o\u00f9 et \u00e0 partir de quel bateau est tr\u00e8s utile, tout comme le suivi en direct des arrivages par esp\u00e8ce de poisson. La configuration d\u2019un pr\u00e9-achat sur le cadran est aussi tr\u00e8s utile. Nous l&rsquo;utilisons souvent pour les petits achats qui ne sont pas indispensables. Vous pouvez aussi v\u00e9rifier votre garantie bancaire, sauvegarder vos lots favoris et arr\u00eater le cadran de nombreuses fa\u00e7ons diff\u00e9rentes. En outre, le fait de pouvoir cliquer avec sa souris sur un montant exact et d\u2019obtenir ainsi le poisson au centime pr\u00e8s est tr\u00e8s pratique. Enfin, on peut acheter du poisson sur presque toutes les cri\u00e9es des Pays-Bas, du Danemark et de la Su\u00e8de\u00a0\u00bb, a d\u00e9clar\u00e9 M. Van der Deijl.<\/p>\n<h4>Que pensez-vous de l&rsquo;application pour iOS et Android\u00a0?<\/h4>\n<p>\u00ab\u00a0J&rsquo;\u00e9tais l&rsquo;un des testeurs. En mati\u00e8re d&rsquo;apparence, ces applications sont indiscernables de Pefa Auction Clock sur votre PC, elles sont tr\u00e8s bien faites. Vous n\u2019avez donc aucun probl\u00e8me \u00e0 passer d\u2019un p\u00e9riph\u00e9rique \u00e0 l\u2019autre ou \u00e0 acheter sur diff\u00e9rents p\u00e9riph\u00e9riques en m\u00eame temps. Vous devez tout de m\u00eame v\u00e9rifier si les param\u00e8tres de votre smartphone sont corrects\u00a0: si vous voulez suivre le cadran, il vaut mieux ne pas recevoir d&rsquo;appels. Je suis content que l\u2019appli soit en ligne.\u00a0\u00bb<\/p>\n<h4>En conclusion<\/h4>\n<p>\u00ab\u00a0Continuez sur votre lanc\u00e9e\u00a0!\u00a0\u00bb<\/p>\n\t\t\t\t<\/div>\n\t\t\t<\/div>\n\n\t\t\t<div class=\"col-lg-6 col-12 order-lg-3 order-3\">\n\t\t\t\t\t\t\t<\/div>\n\n\t\t<\/div>\n\t<\/div>\n<\/div>\n\n\n\n<p><\/p>\n","protected":false},"excerpt":{"rendered":"","protected":false},"author":6,"featured_media":24465,"parent":0,"menu_order":0,"comment_status":"closed","ping_status":"closed","template":"","meta":{"_acf_changed":false,"footnotes":""},"class_list":["post-24883","page","type-page","status-publish","has-post-thumbnail","hentry"],"acf":[],"yoast_head":"<!-- This site is optimized with the Yoast SEO plugin v26.6 - https:\/\/yoast.com\/wordpress\/plugins\/seo\/ -->\n<title>T\u00e9moignage d&#039;un client Zwanvis IJmuiden - pefa<\/title>\n<meta name=\"robots\" content=\"index, follow, max-snippet:-1, max-image-preview:large, max-video-preview:-1\" \/>\n<link rel=\"canonical\" href=\"https:\/\/www.pefa.com\/fr\/temoignage-dun-client-zwanvis-ijmuiden\/\" \/>\n<meta property=\"og:locale\" content=\"fr_FR\" \/>\n<meta property=\"og:type\" content=\"article\" \/>\n<meta property=\"og:title\" content=\"T\u00e9moignage d&#039;un client Zwanvis IJmuiden - pefa\" \/>\n<meta property=\"og:url\" content=\"https:\/\/www.pefa.com\/fr\/temoignage-dun-client-zwanvis-ijmuiden\/\" \/>\n<meta property=\"og:site_name\" content=\"pefa\" \/>\n<meta property=\"article:publisher\" content=\"https:\/\/www.facebook.com\/pefacom\/\" \/>\n<meta property=\"article:modified_time\" content=\"2023-01-10T09:43:57+00:00\" \/>\n<meta property=\"og:image\" content=\"https:\/\/www.pefa.com\/wp-content\/uploads\/2022\/12\/IMG_4871-scaled.webp\" \/>\n\t<meta property=\"og:image:width\" content=\"2560\" \/>\n\t<meta property=\"og:image:height\" content=\"1707\" \/>\n\t<meta property=\"og:image:type\" content=\"image\/jpeg\" \/>\n<meta name=\"twitter:card\" content=\"summary_large_image\" \/>\n<meta name=\"twitter:site\" content=\"@pefa_com\" \/>\n<script type=\"application\/ld+json\" class=\"yoast-schema-graph\">{\"@context\":\"https:\/\/schema.org\",\"@graph\":[{\"@type\":\"WebPage\",\"@id\":\"https:\/\/www.pefa.com\/fr\/temoignage-dun-client-zwanvis-ijmuiden\/\",\"url\":\"https:\/\/www.pefa.com\/fr\/temoignage-dun-client-zwanvis-ijmuiden\/\",\"name\":\"T\u00e9moignage d'un client Zwanvis IJmuiden - pefa\",\"isPartOf\":{\"@id\":\"https:\/\/www.pefa.com\/#website\"},\"primaryImageOfPage\":{\"@id\":\"https:\/\/www.pefa.com\/fr\/temoignage-dun-client-zwanvis-ijmuiden\/#primaryimage\"},\"image\":{\"@id\":\"https:\/\/www.pefa.com\/fr\/temoignage-dun-client-zwanvis-ijmuiden\/#primaryimage\"},\"thumbnailUrl\":\"https:\/\/www.pefa.com\/wp-content\/uploads\/2022\/12\/IMG_4871-scaled.webp\",\"datePublished\":\"2022-12-14T08:59:00+00:00\",\"dateModified\":\"2023-01-10T09:43:57+00:00\",\"breadcrumb\":{\"@id\":\"https:\/\/www.pefa.com\/fr\/temoignage-dun-client-zwanvis-ijmuiden\/#breadcrumb\"},\"inLanguage\":\"fr-FR\",\"potentialAction\":[{\"@type\":\"ReadAction\",\"target\":[\"https:\/\/www.pefa.com\/fr\/temoignage-dun-client-zwanvis-ijmuiden\/\"]}]},{\"@type\":\"ImageObject\",\"inLanguage\":\"fr-FR\",\"@id\":\"https:\/\/www.pefa.com\/fr\/temoignage-dun-client-zwanvis-ijmuiden\/#primaryimage\",\"url\":\"https:\/\/www.pefa.com\/wp-content\/uploads\/2022\/12\/IMG_4871-scaled.webp\",\"contentUrl\":\"https:\/\/www.pefa.com\/wp-content\/uploads\/2022\/12\/IMG_4871-scaled.webp\",\"width\":2560,\"height\":1707},{\"@type\":\"BreadcrumbList\",\"@id\":\"https:\/\/www.pefa.com\/fr\/temoignage-dun-client-zwanvis-ijmuiden\/#breadcrumb\",\"itemListElement\":[{\"@type\":\"ListItem\",\"position\":1,\"name\":\"Home\",\"item\":\"https:\/\/www.pefa.com\/fr\/\"},{\"@type\":\"ListItem\",\"position\":2,\"name\":\"T\u00e9moignage d&#8217;un client Zwanvis IJmuiden\"}]},{\"@type\":\"WebSite\",\"@id\":\"https:\/\/www.pefa.com\/#website\",\"url\":\"https:\/\/www.pefa.com\/\",\"name\":\"pefa\",\"description\":\"Online trading tools for fishermen, fish auctions and buyers\",\"publisher\":{\"@id\":\"https:\/\/www.pefa.com\/#organization\"},\"potentialAction\":[{\"@type\":\"SearchAction\",\"target\":{\"@type\":\"EntryPoint\",\"urlTemplate\":\"https:\/\/www.pefa.com\/?s={search_term_string}\"},\"query-input\":{\"@type\":\"PropertyValueSpecification\",\"valueRequired\":true,\"valueName\":\"search_term_string\"}}],\"inLanguage\":\"fr-FR\"},{\"@type\":\"Organization\",\"@id\":\"https:\/\/www.pefa.com\/#organization\",\"name\":\"Pefa\",\"url\":\"https:\/\/www.pefa.com\/\",\"logo\":{\"@type\":\"ImageObject\",\"inLanguage\":\"fr-FR\",\"@id\":\"https:\/\/www.pefa.com\/#\/schema\/logo\/image\/\",\"url\":\"https:\/\/www.pefa.com\/wp-content\/uploads\/2022\/09\/CMYK_PEFA_LIGGEND.png\",\"contentUrl\":\"https:\/\/www.pefa.com\/wp-content\/uploads\/2022\/09\/CMYK_PEFA_LIGGEND.png\",\"width\":1772,\"height\":443,\"caption\":\"Pefa\"},\"image\":{\"@id\":\"https:\/\/www.pefa.com\/#\/schema\/logo\/image\/\"},\"sameAs\":[\"https:\/\/www.facebook.com\/pefacom\/\",\"https:\/\/x.com\/pefa_com\"]}]}<\/script>\n<!-- \/ Yoast SEO plugin. -->","yoast_head_json":{"title":"T\u00e9moignage d'un client Zwanvis IJmuiden - pefa","robots":{"index":"index","follow":"follow","max-snippet":"max-snippet:-1","max-image-preview":"max-image-preview:large","max-video-preview":"max-video-preview:-1"},"canonical":"https:\/\/www.pefa.com\/fr\/temoignage-dun-client-zwanvis-ijmuiden\/","og_locale":"fr_FR","og_type":"article","og_title":"T\u00e9moignage d'un client Zwanvis IJmuiden - pefa","og_url":"https:\/\/www.pefa.com\/fr\/temoignage-dun-client-zwanvis-ijmuiden\/","og_site_name":"pefa","article_publisher":"https:\/\/www.facebook.com\/pefacom\/","article_modified_time":"2023-01-10T09:43:57+00:00","og_image":[{"width":2560,"height":1707,"url":"https:\/\/www.pefa.com\/wp-content\/uploads\/2022\/12\/IMG_4871-scaled.webp","type":"image\/jpeg"}],"twitter_card":"summary_large_image","twitter_site":"@pefa_com","schema":{"@context":"https:\/\/schema.org","@graph":[{"@type":"WebPage","@id":"https:\/\/www.pefa.com\/fr\/temoignage-dun-client-zwanvis-ijmuiden\/","url":"https:\/\/www.pefa.com\/fr\/temoignage-dun-client-zwanvis-ijmuiden\/","name":"T\u00e9moignage d'un client Zwanvis IJmuiden - pefa","isPartOf":{"@id":"https:\/\/www.pefa.com\/#website"},"primaryImageOfPage":{"@id":"https:\/\/www.pefa.com\/fr\/temoignage-dun-client-zwanvis-ijmuiden\/#primaryimage"},"image":{"@id":"https:\/\/www.pefa.com\/fr\/temoignage-dun-client-zwanvis-ijmuiden\/#primaryimage"},"thumbnailUrl":"https:\/\/www.pefa.com\/wp-content\/uploads\/2022\/12\/IMG_4871-scaled.webp","datePublished":"2022-12-14T08:59:00+00:00","dateModified":"2023-01-10T09:43:57+00:00","breadcrumb":{"@id":"https:\/\/www.pefa.com\/fr\/temoignage-dun-client-zwanvis-ijmuiden\/#breadcrumb"},"inLanguage":"fr-FR","potentialAction":[{"@type":"ReadAction","target":["https:\/\/www.pefa.com\/fr\/temoignage-dun-client-zwanvis-ijmuiden\/"]}]},{"@type":"ImageObject","inLanguage":"fr-FR","@id":"https:\/\/www.pefa.com\/fr\/temoignage-dun-client-zwanvis-ijmuiden\/#primaryimage","url":"https:\/\/www.pefa.com\/wp-content\/uploads\/2022\/12\/IMG_4871-scaled.webp","contentUrl":"https:\/\/www.pefa.com\/wp-content\/uploads\/2022\/12\/IMG_4871-scaled.webp","width":2560,"height":1707},{"@type":"BreadcrumbList","@id":"https:\/\/www.pefa.com\/fr\/temoignage-dun-client-zwanvis-ijmuiden\/#breadcrumb","itemListElement":[{"@type":"ListItem","position":1,"name":"Home","item":"https:\/\/www.pefa.com\/fr\/"},{"@type":"ListItem","position":2,"name":"T\u00e9moignage d&#8217;un client Zwanvis IJmuiden"}]},{"@type":"WebSite","@id":"https:\/\/www.pefa.com\/#website","url":"https:\/\/www.pefa.com\/","name":"pefa","description":"Online trading tools for fishermen, fish auctions and buyers","publisher":{"@id":"https:\/\/www.pefa.com\/#organization"},"potentialAction":[{"@type":"SearchAction","target":{"@type":"EntryPoint","urlTemplate":"https:\/\/www.pefa.com\/?s={search_term_string}"},"query-input":{"@type":"PropertyValueSpecification","valueRequired":true,"valueName":"search_term_string"}}],"inLanguage":"fr-FR"},{"@type":"Organization","@id":"https:\/\/www.pefa.com\/#organization","name":"Pefa","url":"https:\/\/www.pefa.com\/","logo":{"@type":"ImageObject","inLanguage":"fr-FR","@id":"https:\/\/www.pefa.com\/#\/schema\/logo\/image\/","url":"https:\/\/www.pefa.com\/wp-content\/uploads\/2022\/09\/CMYK_PEFA_LIGGEND.png","contentUrl":"https:\/\/www.pefa.com\/wp-content\/uploads\/2022\/09\/CMYK_PEFA_LIGGEND.png","width":1772,"height":443,"caption":"Pefa"},"image":{"@id":"https:\/\/www.pefa.com\/#\/schema\/logo\/image\/"},"sameAs":["https:\/\/www.facebook.com\/pefacom\/","https:\/\/x.com\/pefa_com"]}]}},"_links":{"self":[{"href":"https:\/\/www.pefa.com\/fr\/wp-json\/wp\/v2\/pages\/24883","targetHints":{"allow":["GET"]}}],"collection":[{"href":"https:\/\/www.pefa.com\/fr\/wp-json\/wp\/v2\/pages"}],"about":[{"href":"https:\/\/www.pefa.com\/fr\/wp-json\/wp\/v2\/types\/page"}],"author":[{"embeddable":true,"href":"https:\/\/www.pefa.com\/fr\/wp-json\/wp\/v2\/users\/6"}],"replies":[{"embeddable":true,"href":"https:\/\/www.pefa.com\/fr\/wp-json\/wp\/v2\/comments?post=24883"}],"version-history":[{"count":2,"href":"https:\/\/www.pefa.com\/fr\/wp-json\/wp\/v2\/pages\/24883\/revisions"}],"predecessor-version":[{"id":24888,"href":"https:\/\/www.pefa.com\/fr\/wp-json\/wp\/v2\/pages\/24883\/revisions\/24888"}],"wp:featuredmedia":[{"embeddable":true,"href":"https:\/\/www.pefa.com\/fr\/wp-json\/wp\/v2\/media\/24465"}],"wp:attachment":[{"href":"https:\/\/www.pefa.com\/fr\/wp-json\/wp\/v2\/media?parent=24883"}],"curies":[{"name":"wp","href":"https:\/\/api.w.org\/{rel}","templated":true}]}}