{"id":24892,"date":"2022-12-14T09:32:37","date_gmt":"2022-12-14T09:32:37","guid":{"rendered":"https:\/\/www.pefa.com\/how-to-buy-fish-with-the-pefa-auction-network\/"},"modified":"2023-01-10T12:13:56","modified_gmt":"2023-01-10T12:13:56","slug":"acheter-du-poisson-par-le-biais-du-reseau-pefa-auction","status":"publish","type":"page","link":"https:\/\/www.pefa.com\/fr\/acheter-du-poisson-par-le-biais-du-reseau-pefa-auction\/","title":{"rendered":"Acheter du poisson par le biais du r\u00e9seau Pefa Auction"},"content":{"rendered":"\n<div id=\"content-two-cols-block_b5ec2eda95212a3d5967e0fb7bae8ec8\" class=\"alignfull block-content-two-cols default\">\n\n\t<div class=\"container\">\n\t\t<div class=\"row justify-content-between align-items-center\">\n\n\t\t\t<div class=\"col-lg-6 col-12 order-2\">\n\t\t\t\t<div class=\"content\">\n\t\t\t\t\t\t\t\t\t\t<h4>1. Num\u00e9ro d&rsquo;acheteur<\/h4>\n<p>Toutes les cri\u00e9es du r\u00e9seau Pefa sont ind\u00e9pendantes. Si vous souhaitez obtenir un num\u00e9ro d&rsquo;acheteur pour l&rsquo;une de nos cri\u00e9es, vous pouvez en faire la demande. La cri\u00e9e vous demandera de fournir une garantie bancaire. Avant de commencer \u00e0 acheter, vous devez donc d\u00e9cider \u00e0 laquelle vous voulez participer. Contactez ensuite la cri\u00e9e pour savoir comment mettre en place la garantie bancaire. Vous trouverez une vue d&rsquo;ensemble de nos cri\u00e9es sur la page des <a href=\"https:\/\/www.pefa.com\/fr\/pefa-auctions\/\">Pefa Auctions<\/a>.<\/p>\n<h4>2. Abonnement Pefa<\/h4>\n<p>Les d\u00e9tails de l&rsquo;abonnement se trouvent sur la page de <a href=\"https:\/\/www.pefa.com\/fr\/services\/pefa-auction-clock\/\">Pefa Auction Clock<\/a>. Apr\u00e8s avoir re\u00e7u vos coordonn\u00e9es, nous les saisissons dans notre syst\u00e8me. Vous recevez ensuite des instructions contenant vos identifiants de connexion et le manuel d&rsquo;installation du cadran.<\/p>\n<h4>3. Lier le num\u00e9ro d&rsquo;acheteur \u00e0 l&rsquo;abonnement<\/h4>\n<p>D\u00e8s que la cri\u00e9e re\u00e7oit votre garantie bancaire, elle cr\u00e9e un num\u00e9ro d&rsquo;acheteur pour vous. Pefa lie le num\u00e9ro d&rsquo;acheteur \u00e0 votre abonnement. Apr\u00e8s la liaison avec Pefa, vous avez la possibilit\u00e9 d&rsquo;arr\u00eater le cadran et d&rsquo;acheter du poisson.<\/p>\n<h4>4. Installer le logiciel<\/h4>\n<p>Vous pouvez installer le logiciel Pefa Auction Clock en cliquant sur l&rsquo;ic\u00f4ne du cadran sur notre site Web (en haut \u00e0 droite). Apr\u00e8s avoir install\u00e9 le cadran, il d\u00e9marre automatiquement en mode d\u00e9monstration. Vous pouvez utiliser la d\u00e9monstration pour vous familiariser avec notre syst\u00e8me. Si vous n&rsquo;\u00eates pas encore familiaris\u00e9 avec l&rsquo;achat de poissons \u00e0 la cri\u00e9e, nous vous conseillons de vous entra\u00eener d&rsquo;abord avec la d\u00e9monstration avant d&rsquo;acheter r\u00e9ellement des poissons.<\/p>\n<h4>5. Qualit\u00e9<\/h4>\n<p>Chaque matin, la qualit\u00e9 du poisson est d\u00e9termin\u00e9e par le personnel de la cri\u00e9e. Vous pouvez \u00e9galement voir des photos des lots de poissons dans le cadran<\/p>\n<h4>6. Arr\u00eater le cadran<\/h4>\n<p>Le cadran de la cri\u00e9e d\u00e9marre au prix le plus \u00e9lev\u00e9. Une fois le cadran lanc\u00e9, le prix baisse. Le premier \u00e0 arr\u00eater le cadran poss\u00e8de le poisson. Apr\u00e8s l&rsquo;arr\u00eat du cadran, vous pouvez saisir le nombre exact de caisses que vous souhaitez acheter par la suite. Les touches fl\u00e9ch\u00e9es du clavier servent de boutons pour arr\u00eater le cadran.<\/p>\n<h4>7. Transport<\/h4>\n<p>Vous devez pr\u00e9voir votre propre transport de la cri\u00e9e \u00e0 vos locaux. Le personnel de la cri\u00e9e peut vous aider \u00e0 l\u2019organiser de la mani\u00e8re la plus efficace possible. Pour ce faire, contactez la cri\u00e9e avant d&rsquo;acheter du poisson pour la premi\u00e8re fois.<\/p>\n\t\t\t\t<\/div>\n\t\t\t<\/div>\n\n\t\t\t<div class=\"col-lg-6 col-12 order-lg-3 order-3\">\n\t\t\t\t\t\t\t<\/div>\n\n\t\t<\/div>\n\t<\/div>\n<\/div>\n\n\n\n<p><\/p>\n","protected":false},"excerpt":{"rendered":"","protected":false},"author":6,"featured_media":24564,"parent":0,"menu_order":0,"comment_status":"closed","ping_status":"closed","template":"","meta":{"_acf_changed":false,"footnotes":""},"class_list":["post-24892","page","type-page","status-publish","has-post-thumbnail","hentry"],"acf":[],"yoast_head":"<!-- This site is optimized with the Yoast SEO plugin v27.5 - https:\/\/yoast.com\/product\/yoast-seo-wordpress\/ -->\n<title>Acheter du poisson par le biais du r\u00e9seau Pefa Auction - pefa<\/title>\n<meta name=\"robots\" content=\"index, follow, max-snippet:-1, max-image-preview:large, max-video-preview:-1\" \/>\n<link rel=\"canonical\" href=\"https:\/\/www.pefa.com\/fr\/acheter-du-poisson-par-le-biais-du-reseau-pefa-auction\/\" \/>\n<meta property=\"og:locale\" content=\"fr_FR\" \/>\n<meta property=\"og:type\" content=\"article\" \/>\n<meta property=\"og:title\" content=\"Acheter du poisson par le biais du r\u00e9seau Pefa Auction - pefa\" \/>\n<meta property=\"og:url\" content=\"https:\/\/www.pefa.com\/fr\/acheter-du-poisson-par-le-biais-du-reseau-pefa-auction\/\" \/>\n<meta property=\"og:site_name\" content=\"pefa\" \/>\n<meta property=\"article:publisher\" content=\"https:\/\/www.facebook.com\/pefacom\/\" \/>\n<meta property=\"article:modified_time\" content=\"2023-01-10T12:13:56+00:00\" \/>\n<meta property=\"og:image\" content=\"https:\/\/www.pefa.com\/wp-content\/uploads\/2022\/12\/P4150019-Smogen-scaled.webp\" \/>\n\t<meta property=\"og:image:width\" content=\"2560\" \/>\n\t<meta property=\"og:image:height\" content=\"1920\" \/>\n\t<meta property=\"og:image:type\" content=\"image\/jpeg\" \/>\n<meta name=\"twitter:card\" content=\"summary_large_image\" \/>\n<meta name=\"twitter:site\" content=\"@pefa_com\" \/>\n<script type=\"application\/ld+json\" class=\"yoast-schema-graph\">{\"@context\":\"https:\\\/\\\/schema.org\",\"@graph\":[{\"@type\":\"WebPage\",\"@id\":\"https:\\\/\\\/www.pefa.com\\\/fr\\\/acheter-du-poisson-par-le-biais-du-reseau-pefa-auction\\\/\",\"url\":\"https:\\\/\\\/www.pefa.com\\\/fr\\\/acheter-du-poisson-par-le-biais-du-reseau-pefa-auction\\\/\",\"name\":\"Acheter du poisson par le biais du r\u00e9seau Pefa Auction - pefa\",\"isPartOf\":{\"@id\":\"https:\\\/\\\/www.pefa.com\\\/#website\"},\"primaryImageOfPage\":{\"@id\":\"https:\\\/\\\/www.pefa.com\\\/fr\\\/acheter-du-poisson-par-le-biais-du-reseau-pefa-auction\\\/#primaryimage\"},\"image\":{\"@id\":\"https:\\\/\\\/www.pefa.com\\\/fr\\\/acheter-du-poisson-par-le-biais-du-reseau-pefa-auction\\\/#primaryimage\"},\"thumbnailUrl\":\"https:\\\/\\\/www.pefa.com\\\/wp-content\\\/uploads\\\/2022\\\/12\\\/P4150019-Smogen-scaled.webp\",\"datePublished\":\"2022-12-14T09:32:37+00:00\",\"dateModified\":\"2023-01-10T12:13:56+00:00\",\"breadcrumb\":{\"@id\":\"https:\\\/\\\/www.pefa.com\\\/fr\\\/acheter-du-poisson-par-le-biais-du-reseau-pefa-auction\\\/#breadcrumb\"},\"inLanguage\":\"fr-FR\",\"potentialAction\":[{\"@type\":\"ReadAction\",\"target\":[\"https:\\\/\\\/www.pefa.com\\\/fr\\\/acheter-du-poisson-par-le-biais-du-reseau-pefa-auction\\\/\"]}]},{\"@type\":\"ImageObject\",\"inLanguage\":\"fr-FR\",\"@id\":\"https:\\\/\\\/www.pefa.com\\\/fr\\\/acheter-du-poisson-par-le-biais-du-reseau-pefa-auction\\\/#primaryimage\",\"url\":\"https:\\\/\\\/www.pefa.com\\\/wp-content\\\/uploads\\\/2022\\\/12\\\/P4150019-Smogen-scaled.webp\",\"contentUrl\":\"https:\\\/\\\/www.pefa.com\\\/wp-content\\\/uploads\\\/2022\\\/12\\\/P4150019-Smogen-scaled.webp\",\"width\":2560,\"height\":1920,\"caption\":\"OLYMPUS DIGITAL CAMERA\"},{\"@type\":\"BreadcrumbList\",\"@id\":\"https:\\\/\\\/www.pefa.com\\\/fr\\\/acheter-du-poisson-par-le-biais-du-reseau-pefa-auction\\\/#breadcrumb\",\"itemListElement\":[{\"@type\":\"ListItem\",\"position\":1,\"name\":\"Home\",\"item\":\"https:\\\/\\\/www.pefa.com\\\/fr\\\/\"},{\"@type\":\"ListItem\",\"position\":2,\"name\":\"Acheter du poisson par le biais du r\u00e9seau Pefa Auction\"}]},{\"@type\":\"WebSite\",\"@id\":\"https:\\\/\\\/www.pefa.com\\\/#website\",\"url\":\"https:\\\/\\\/www.pefa.com\\\/\",\"name\":\"pefa\",\"description\":\"Online trading tools for fishermen, fish auctions and buyers\",\"publisher\":{\"@id\":\"https:\\\/\\\/www.pefa.com\\\/#organization\"},\"potentialAction\":[{\"@type\":\"SearchAction\",\"target\":{\"@type\":\"EntryPoint\",\"urlTemplate\":\"https:\\\/\\\/www.pefa.com\\\/?s={search_term_string}\"},\"query-input\":{\"@type\":\"PropertyValueSpecification\",\"valueRequired\":true,\"valueName\":\"search_term_string\"}}],\"inLanguage\":\"fr-FR\"},{\"@type\":\"Organization\",\"@id\":\"https:\\\/\\\/www.pefa.com\\\/#organization\",\"name\":\"Pefa\",\"url\":\"https:\\\/\\\/www.pefa.com\\\/\",\"logo\":{\"@type\":\"ImageObject\",\"inLanguage\":\"fr-FR\",\"@id\":\"https:\\\/\\\/www.pefa.com\\\/#\\\/schema\\\/logo\\\/image\\\/\",\"url\":\"https:\\\/\\\/www.pefa.com\\\/wp-content\\\/uploads\\\/2022\\\/09\\\/CMYK_PEFA_LIGGEND.png\",\"contentUrl\":\"https:\\\/\\\/www.pefa.com\\\/wp-content\\\/uploads\\\/2022\\\/09\\\/CMYK_PEFA_LIGGEND.png\",\"width\":1772,\"height\":443,\"caption\":\"Pefa\"},\"image\":{\"@id\":\"https:\\\/\\\/www.pefa.com\\\/#\\\/schema\\\/logo\\\/image\\\/\"},\"sameAs\":[\"https:\\\/\\\/www.facebook.com\\\/pefacom\\\/\",\"https:\\\/\\\/x.com\\\/pefa_com\"]}]}<\/script>\n<!-- \/ Yoast SEO plugin. -->","yoast_head_json":{"title":"Acheter du poisson par le biais du r\u00e9seau Pefa Auction - pefa","robots":{"index":"index","follow":"follow","max-snippet":"max-snippet:-1","max-image-preview":"max-image-preview:large","max-video-preview":"max-video-preview:-1"},"canonical":"https:\/\/www.pefa.com\/fr\/acheter-du-poisson-par-le-biais-du-reseau-pefa-auction\/","og_locale":"fr_FR","og_type":"article","og_title":"Acheter du poisson par le biais du r\u00e9seau Pefa Auction - pefa","og_url":"https:\/\/www.pefa.com\/fr\/acheter-du-poisson-par-le-biais-du-reseau-pefa-auction\/","og_site_name":"pefa","article_publisher":"https:\/\/www.facebook.com\/pefacom\/","article_modified_time":"2023-01-10T12:13:56+00:00","og_image":[{"width":2560,"height":1920,"url":"https:\/\/www.pefa.com\/wp-content\/uploads\/2022\/12\/P4150019-Smogen-scaled.webp","type":"image\/jpeg"}],"twitter_card":"summary_large_image","twitter_site":"@pefa_com","schema":{"@context":"https:\/\/schema.org","@graph":[{"@type":"WebPage","@id":"https:\/\/www.pefa.com\/fr\/acheter-du-poisson-par-le-biais-du-reseau-pefa-auction\/","url":"https:\/\/www.pefa.com\/fr\/acheter-du-poisson-par-le-biais-du-reseau-pefa-auction\/","name":"Acheter du poisson par le biais du r\u00e9seau Pefa Auction - pefa","isPartOf":{"@id":"https:\/\/www.pefa.com\/#website"},"primaryImageOfPage":{"@id":"https:\/\/www.pefa.com\/fr\/acheter-du-poisson-par-le-biais-du-reseau-pefa-auction\/#primaryimage"},"image":{"@id":"https:\/\/www.pefa.com\/fr\/acheter-du-poisson-par-le-biais-du-reseau-pefa-auction\/#primaryimage"},"thumbnailUrl":"https:\/\/www.pefa.com\/wp-content\/uploads\/2022\/12\/P4150019-Smogen-scaled.webp","datePublished":"2022-12-14T09:32:37+00:00","dateModified":"2023-01-10T12:13:56+00:00","breadcrumb":{"@id":"https:\/\/www.pefa.com\/fr\/acheter-du-poisson-par-le-biais-du-reseau-pefa-auction\/#breadcrumb"},"inLanguage":"fr-FR","potentialAction":[{"@type":"ReadAction","target":["https:\/\/www.pefa.com\/fr\/acheter-du-poisson-par-le-biais-du-reseau-pefa-auction\/"]}]},{"@type":"ImageObject","inLanguage":"fr-FR","@id":"https:\/\/www.pefa.com\/fr\/acheter-du-poisson-par-le-biais-du-reseau-pefa-auction\/#primaryimage","url":"https:\/\/www.pefa.com\/wp-content\/uploads\/2022\/12\/P4150019-Smogen-scaled.webp","contentUrl":"https:\/\/www.pefa.com\/wp-content\/uploads\/2022\/12\/P4150019-Smogen-scaled.webp","width":2560,"height":1920,"caption":"OLYMPUS DIGITAL CAMERA"},{"@type":"BreadcrumbList","@id":"https:\/\/www.pefa.com\/fr\/acheter-du-poisson-par-le-biais-du-reseau-pefa-auction\/#breadcrumb","itemListElement":[{"@type":"ListItem","position":1,"name":"Home","item":"https:\/\/www.pefa.com\/fr\/"},{"@type":"ListItem","position":2,"name":"Acheter du poisson par le biais du r\u00e9seau Pefa Auction"}]},{"@type":"WebSite","@id":"https:\/\/www.pefa.com\/#website","url":"https:\/\/www.pefa.com\/","name":"pefa","description":"Online trading tools for fishermen, fish auctions and buyers","publisher":{"@id":"https:\/\/www.pefa.com\/#organization"},"potentialAction":[{"@type":"SearchAction","target":{"@type":"EntryPoint","urlTemplate":"https:\/\/www.pefa.com\/?s={search_term_string}"},"query-input":{"@type":"PropertyValueSpecification","valueRequired":true,"valueName":"search_term_string"}}],"inLanguage":"fr-FR"},{"@type":"Organization","@id":"https:\/\/www.pefa.com\/#organization","name":"Pefa","url":"https:\/\/www.pefa.com\/","logo":{"@type":"ImageObject","inLanguage":"fr-FR","@id":"https:\/\/www.pefa.com\/#\/schema\/logo\/image\/","url":"https:\/\/www.pefa.com\/wp-content\/uploads\/2022\/09\/CMYK_PEFA_LIGGEND.png","contentUrl":"https:\/\/www.pefa.com\/wp-content\/uploads\/2022\/09\/CMYK_PEFA_LIGGEND.png","width":1772,"height":443,"caption":"Pefa"},"image":{"@id":"https:\/\/www.pefa.com\/#\/schema\/logo\/image\/"},"sameAs":["https:\/\/www.facebook.com\/pefacom\/","https:\/\/x.com\/pefa_com"]}]}},"_links":{"self":[{"href":"https:\/\/www.pefa.com\/fr\/wp-json\/wp\/v2\/pages\/24892","targetHints":{"allow":["GET"]}}],"collection":[{"href":"https:\/\/www.pefa.com\/fr\/wp-json\/wp\/v2\/pages"}],"about":[{"href":"https:\/\/www.pefa.com\/fr\/wp-json\/wp\/v2\/types\/page"}],"author":[{"embeddable":true,"href":"https:\/\/www.pefa.com\/fr\/wp-json\/wp\/v2\/users\/6"}],"replies":[{"embeddable":true,"href":"https:\/\/www.pefa.com\/fr\/wp-json\/wp\/v2\/comments?post=24892"}],"version-history":[{"count":4,"href":"https:\/\/www.pefa.com\/fr\/wp-json\/wp\/v2\/pages\/24892\/revisions"}],"predecessor-version":[{"id":25000,"href":"https:\/\/www.pefa.com\/fr\/wp-json\/wp\/v2\/pages\/24892\/revisions\/25000"}],"wp:featuredmedia":[{"embeddable":true,"href":"https:\/\/www.pefa.com\/fr\/wp-json\/wp\/v2\/media\/24564"}],"wp:attachment":[{"href":"https:\/\/www.pefa.com\/fr\/wp-json\/wp\/v2\/media?parent=24892"}],"curies":[{"name":"wp","href":"https:\/\/api.w.org\/{rel}","templated":true}]}}