{"id":24893,"date":"2022-12-14T09:32:37","date_gmt":"2022-12-14T09:32:37","guid":{"rendered":"https:\/\/www.pefa.com\/how-to-buy-fish-with-the-pefa-auction-network\/"},"modified":"2023-01-10T12:14:49","modified_gmt":"2023-01-10T12:14:49","slug":"kopa-fisk-genom-pefa-auction-natverket","status":"publish","type":"page","link":"https:\/\/www.pefa.com\/sv\/kopa-fisk-genom-pefa-auction-natverket\/","title":{"rendered":"K\u00f6pa fisk genom Pefa Auction-n\u00e4tverket"},"content":{"rendered":"\n<div id=\"content-two-cols-block_90555df171fe7cb62bf3e1d226b4cb80\" class=\"alignfull block-content-two-cols default\">\n\n\t<div class=\"container\">\n\t\t<div class=\"row justify-content-between align-items-center\">\n\n\t\t\t<div class=\"col-lg-6 col-12 order-2\">\n\t\t\t\t<div class=\"content\">\n\t\t\t\t\t\t\t\t\t\t<h4>1. K\u00f6parnummer<\/h4>\n<p>Alla auktioner i Pefa-n\u00e4tverket \u00e4r oberoende. Om du vill ha ett k\u00f6parnummer p\u00e5 n\u00e5gon av v\u00e5ra auktioner g\u00e5r det bra att best\u00e4lla. Auktionen ber dig st\u00e4lla en bankgaranti. S\u00e5 innan du b\u00f6rjar k\u00f6pa m\u00e5ste du best\u00e4mma dig p\u00e5 vilken auktion du vill g\u00f6ra det. Kontakta d\u00e5 auktionen om hur du kan st\u00e4lla bankgarantin. En \u00f6versikt \u00f6ver v\u00e5ra auktioner finns p\u00e5 <a href=\"https:\/\/www.pefa.com\/sv\/pefa-auctions\/\">Pefa Auktioner<\/a>.<\/p>\n<h4>2. Pefa-prenumeration<\/h4>\n<p>Detaljer om prenumerationen finns p\u00e5 <a href=\"https:\/\/www.pefa.com\/sv\/tjanster\/pefa-auction-clock\/\">Pefa Auction Clock<\/a>. Efter att vi har mottagit dina uppgifter registrerar vi in dem i v\u00e5rt system. Du f\u00e5r d\u00e5 ett mejl med dina inloggningsuppgifter och installationsinstruktioner f\u00f6r auktionsklockan.<\/p>\n<h4>3. L\u00e4nka k\u00f6parnummer till prenumerationen<\/h4>\n<p>S\u00e5 snart auktionen har mottagit din bankgaranti skapar den ett k\u00f6parnummer \u00e5t dig. Pefa kopplar k\u00f6parnumret till din prenumeration. Efter kopplingen till Pefa har du m\u00f6jlighet att stoppa klockan och k\u00f6pa fisk.<\/p>\n<h4>4. Installera programvaran<\/h4>\n<p>Du kan installera Pefa Auction Clock genom att klicka p\u00e5 klockikonen p\u00e5 v\u00e5r webbplats (\u00f6verst till h\u00f6ger). N\u00e4r programmet har installerats startar det automatiskt i demoversionen. Du kan anv\u00e4nda demoversionen f\u00f6r att bekanta dig med systemet. Om du \u00e4nnu inte \u00e4r bekant med att k\u00f6pa fisk p\u00e5 fiskauktion r\u00e5der vi dig att \u00f6va med demoversionen innan du b\u00f6rjar k\u00f6pa.<\/p>\n<h4>5. Kvalitet<\/h4>\n<p>Varje morgon best\u00e4ms kvaliteten p\u00e5 fisken av fiskauktionen. Du kan ocks\u00e5 se bilder p\u00e5 fiskpartierna i auktionsklockan.<\/p>\n<h4>6. Stanna klockan<\/h4>\n<p>Auktionsklockan startar p\u00e5 h\u00f6gsta pris. S\u00e5 fort klockan startas sjunker priset. Den f\u00f6rsta som stoppar klockan har k\u00f6pt fisken. Efter att klockan har stannat kan du i efterhand ange exakt antal l\u00e5dor du vill k\u00f6pa. Du anv\u00e4nder piltangenterna p\u00e5 tangentbordet f\u00f6r att stoppa klockan.<\/p>\n<h4>7. Transport<\/h4>\n<p>Du m\u00e5ste sj\u00e4lv ordna transport fr\u00e5n auktionen till ditt f\u00f6retag. Auktionspersonalen kan hj\u00e4lpa dig att ordna detta p\u00e5 b\u00e4sta s\u00e4tt. Ta kontakta med auktionen innan du k\u00f6per fisk f\u00f6r f\u00f6rsta g\u00e5ngen.<\/p>\n\t\t\t\t<\/div>\n\t\t\t<\/div>\n\n\t\t\t<div class=\"col-lg-6 col-12 order-lg-3 order-3\">\n\t\t\t\t\t\t\t<\/div>\n\n\t\t<\/div>\n\t<\/div>\n<\/div>\n\n\n\n<p><\/p>\n","protected":false},"excerpt":{"rendered":"","protected":false},"author":6,"featured_media":24565,"parent":0,"menu_order":0,"comment_status":"closed","ping_status":"closed","template":"","meta":{"_acf_changed":false,"footnotes":""},"class_list":["post-24893","page","type-page","status-publish","has-post-thumbnail","hentry"],"acf":[],"yoast_head":"<!-- This site is optimized with the Yoast SEO plugin v26.6 - https:\/\/yoast.com\/wordpress\/plugins\/seo\/ -->\n<title>K\u00f6pa fisk genom Pefa Auction-n\u00e4tverket - pefa<\/title>\n<meta name=\"robots\" content=\"index, follow, max-snippet:-1, max-image-preview:large, max-video-preview:-1\" \/>\n<link rel=\"canonical\" href=\"https:\/\/www.pefa.com\/sv\/kopa-fisk-genom-pefa-auction-natverket\/\" \/>\n<meta property=\"og:locale\" content=\"sv_SE\" \/>\n<meta property=\"og:type\" content=\"article\" \/>\n<meta property=\"og:title\" content=\"K\u00f6pa fisk genom Pefa Auction-n\u00e4tverket - pefa\" \/>\n<meta property=\"og:url\" content=\"https:\/\/www.pefa.com\/sv\/kopa-fisk-genom-pefa-auction-natverket\/\" \/>\n<meta property=\"og:site_name\" content=\"pefa\" \/>\n<meta property=\"article:publisher\" content=\"https:\/\/www.facebook.com\/pefacom\/\" \/>\n<meta property=\"article:modified_time\" content=\"2023-01-10T12:14:49+00:00\" \/>\n<meta property=\"og:image\" content=\"https:\/\/www.pefa.com\/wp-content\/uploads\/2022\/12\/P4150019-Smogen-scaled.webp\" \/>\n\t<meta property=\"og:image:width\" content=\"2560\" \/>\n\t<meta property=\"og:image:height\" content=\"1920\" \/>\n\t<meta property=\"og:image:type\" content=\"image\/jpeg\" \/>\n<meta name=\"twitter:card\" content=\"summary_large_image\" \/>\n<meta name=\"twitter:site\" content=\"@pefa_com\" \/>\n<script type=\"application\/ld+json\" class=\"yoast-schema-graph\">{\"@context\":\"https:\/\/schema.org\",\"@graph\":[{\"@type\":\"WebPage\",\"@id\":\"https:\/\/www.pefa.com\/sv\/kopa-fisk-genom-pefa-auction-natverket\/\",\"url\":\"https:\/\/www.pefa.com\/sv\/kopa-fisk-genom-pefa-auction-natverket\/\",\"name\":\"K\u00f6pa fisk genom Pefa Auction-n\u00e4tverket - pefa\",\"isPartOf\":{\"@id\":\"https:\/\/www.pefa.com\/#website\"},\"primaryImageOfPage\":{\"@id\":\"https:\/\/www.pefa.com\/sv\/kopa-fisk-genom-pefa-auction-natverket\/#primaryimage\"},\"image\":{\"@id\":\"https:\/\/www.pefa.com\/sv\/kopa-fisk-genom-pefa-auction-natverket\/#primaryimage\"},\"thumbnailUrl\":\"https:\/\/www.pefa.com\/wp-content\/uploads\/2022\/12\/P4150019-Smogen-scaled.webp\",\"datePublished\":\"2022-12-14T09:32:37+00:00\",\"dateModified\":\"2023-01-10T12:14:49+00:00\",\"breadcrumb\":{\"@id\":\"https:\/\/www.pefa.com\/sv\/kopa-fisk-genom-pefa-auction-natverket\/#breadcrumb\"},\"inLanguage\":\"sv-SE\",\"potentialAction\":[{\"@type\":\"ReadAction\",\"target\":[\"https:\/\/www.pefa.com\/sv\/kopa-fisk-genom-pefa-auction-natverket\/\"]}]},{\"@type\":\"ImageObject\",\"inLanguage\":\"sv-SE\",\"@id\":\"https:\/\/www.pefa.com\/sv\/kopa-fisk-genom-pefa-auction-natverket\/#primaryimage\",\"url\":\"https:\/\/www.pefa.com\/wp-content\/uploads\/2022\/12\/P4150019-Smogen-scaled.webp\",\"contentUrl\":\"https:\/\/www.pefa.com\/wp-content\/uploads\/2022\/12\/P4150019-Smogen-scaled.webp\",\"width\":2560,\"height\":1920,\"caption\":\"OLYMPUS DIGITAL CAMERA\"},{\"@type\":\"BreadcrumbList\",\"@id\":\"https:\/\/www.pefa.com\/sv\/kopa-fisk-genom-pefa-auction-natverket\/#breadcrumb\",\"itemListElement\":[{\"@type\":\"ListItem\",\"position\":1,\"name\":\"Home\",\"item\":\"https:\/\/www.pefa.com\/sv\/\"},{\"@type\":\"ListItem\",\"position\":2,\"name\":\"K\u00f6pa fisk genom Pefa Auction-n\u00e4tverket\"}]},{\"@type\":\"WebSite\",\"@id\":\"https:\/\/www.pefa.com\/#website\",\"url\":\"https:\/\/www.pefa.com\/\",\"name\":\"pefa\",\"description\":\"Online trading tools for fishermen, fish auctions and buyers\",\"publisher\":{\"@id\":\"https:\/\/www.pefa.com\/#organization\"},\"potentialAction\":[{\"@type\":\"SearchAction\",\"target\":{\"@type\":\"EntryPoint\",\"urlTemplate\":\"https:\/\/www.pefa.com\/?s={search_term_string}\"},\"query-input\":{\"@type\":\"PropertyValueSpecification\",\"valueRequired\":true,\"valueName\":\"search_term_string\"}}],\"inLanguage\":\"sv-SE\"},{\"@type\":\"Organization\",\"@id\":\"https:\/\/www.pefa.com\/#organization\",\"name\":\"Pefa\",\"url\":\"https:\/\/www.pefa.com\/\",\"logo\":{\"@type\":\"ImageObject\",\"inLanguage\":\"sv-SE\",\"@id\":\"https:\/\/www.pefa.com\/#\/schema\/logo\/image\/\",\"url\":\"https:\/\/www.pefa.com\/wp-content\/uploads\/2022\/09\/CMYK_PEFA_LIGGEND.png\",\"contentUrl\":\"https:\/\/www.pefa.com\/wp-content\/uploads\/2022\/09\/CMYK_PEFA_LIGGEND.png\",\"width\":1772,\"height\":443,\"caption\":\"Pefa\"},\"image\":{\"@id\":\"https:\/\/www.pefa.com\/#\/schema\/logo\/image\/\"},\"sameAs\":[\"https:\/\/www.facebook.com\/pefacom\/\",\"https:\/\/x.com\/pefa_com\"]}]}<\/script>\n<!-- \/ Yoast SEO plugin. -->","yoast_head_json":{"title":"K\u00f6pa fisk genom Pefa Auction-n\u00e4tverket - pefa","robots":{"index":"index","follow":"follow","max-snippet":"max-snippet:-1","max-image-preview":"max-image-preview:large","max-video-preview":"max-video-preview:-1"},"canonical":"https:\/\/www.pefa.com\/sv\/kopa-fisk-genom-pefa-auction-natverket\/","og_locale":"sv_SE","og_type":"article","og_title":"K\u00f6pa fisk genom Pefa Auction-n\u00e4tverket - pefa","og_url":"https:\/\/www.pefa.com\/sv\/kopa-fisk-genom-pefa-auction-natverket\/","og_site_name":"pefa","article_publisher":"https:\/\/www.facebook.com\/pefacom\/","article_modified_time":"2023-01-10T12:14:49+00:00","og_image":[{"width":2560,"height":1920,"url":"https:\/\/www.pefa.com\/wp-content\/uploads\/2022\/12\/P4150019-Smogen-scaled.webp","type":"image\/jpeg"}],"twitter_card":"summary_large_image","twitter_site":"@pefa_com","schema":{"@context":"https:\/\/schema.org","@graph":[{"@type":"WebPage","@id":"https:\/\/www.pefa.com\/sv\/kopa-fisk-genom-pefa-auction-natverket\/","url":"https:\/\/www.pefa.com\/sv\/kopa-fisk-genom-pefa-auction-natverket\/","name":"K\u00f6pa fisk genom Pefa Auction-n\u00e4tverket - pefa","isPartOf":{"@id":"https:\/\/www.pefa.com\/#website"},"primaryImageOfPage":{"@id":"https:\/\/www.pefa.com\/sv\/kopa-fisk-genom-pefa-auction-natverket\/#primaryimage"},"image":{"@id":"https:\/\/www.pefa.com\/sv\/kopa-fisk-genom-pefa-auction-natverket\/#primaryimage"},"thumbnailUrl":"https:\/\/www.pefa.com\/wp-content\/uploads\/2022\/12\/P4150019-Smogen-scaled.webp","datePublished":"2022-12-14T09:32:37+00:00","dateModified":"2023-01-10T12:14:49+00:00","breadcrumb":{"@id":"https:\/\/www.pefa.com\/sv\/kopa-fisk-genom-pefa-auction-natverket\/#breadcrumb"},"inLanguage":"sv-SE","potentialAction":[{"@type":"ReadAction","target":["https:\/\/www.pefa.com\/sv\/kopa-fisk-genom-pefa-auction-natverket\/"]}]},{"@type":"ImageObject","inLanguage":"sv-SE","@id":"https:\/\/www.pefa.com\/sv\/kopa-fisk-genom-pefa-auction-natverket\/#primaryimage","url":"https:\/\/www.pefa.com\/wp-content\/uploads\/2022\/12\/P4150019-Smogen-scaled.webp","contentUrl":"https:\/\/www.pefa.com\/wp-content\/uploads\/2022\/12\/P4150019-Smogen-scaled.webp","width":2560,"height":1920,"caption":"OLYMPUS DIGITAL CAMERA"},{"@type":"BreadcrumbList","@id":"https:\/\/www.pefa.com\/sv\/kopa-fisk-genom-pefa-auction-natverket\/#breadcrumb","itemListElement":[{"@type":"ListItem","position":1,"name":"Home","item":"https:\/\/www.pefa.com\/sv\/"},{"@type":"ListItem","position":2,"name":"K\u00f6pa fisk genom Pefa Auction-n\u00e4tverket"}]},{"@type":"WebSite","@id":"https:\/\/www.pefa.com\/#website","url":"https:\/\/www.pefa.com\/","name":"pefa","description":"Online trading tools for fishermen, fish auctions and buyers","publisher":{"@id":"https:\/\/www.pefa.com\/#organization"},"potentialAction":[{"@type":"SearchAction","target":{"@type":"EntryPoint","urlTemplate":"https:\/\/www.pefa.com\/?s={search_term_string}"},"query-input":{"@type":"PropertyValueSpecification","valueRequired":true,"valueName":"search_term_string"}}],"inLanguage":"sv-SE"},{"@type":"Organization","@id":"https:\/\/www.pefa.com\/#organization","name":"Pefa","url":"https:\/\/www.pefa.com\/","logo":{"@type":"ImageObject","inLanguage":"sv-SE","@id":"https:\/\/www.pefa.com\/#\/schema\/logo\/image\/","url":"https:\/\/www.pefa.com\/wp-content\/uploads\/2022\/09\/CMYK_PEFA_LIGGEND.png","contentUrl":"https:\/\/www.pefa.com\/wp-content\/uploads\/2022\/09\/CMYK_PEFA_LIGGEND.png","width":1772,"height":443,"caption":"Pefa"},"image":{"@id":"https:\/\/www.pefa.com\/#\/schema\/logo\/image\/"},"sameAs":["https:\/\/www.facebook.com\/pefacom\/","https:\/\/x.com\/pefa_com"]}]}},"_links":{"self":[{"href":"https:\/\/www.pefa.com\/sv\/wp-json\/wp\/v2\/pages\/24893","targetHints":{"allow":["GET"]}}],"collection":[{"href":"https:\/\/www.pefa.com\/sv\/wp-json\/wp\/v2\/pages"}],"about":[{"href":"https:\/\/www.pefa.com\/sv\/wp-json\/wp\/v2\/types\/page"}],"author":[{"embeddable":true,"href":"https:\/\/www.pefa.com\/sv\/wp-json\/wp\/v2\/users\/6"}],"replies":[{"embeddable":true,"href":"https:\/\/www.pefa.com\/sv\/wp-json\/wp\/v2\/comments?post=24893"}],"version-history":[{"count":4,"href":"https:\/\/www.pefa.com\/sv\/wp-json\/wp\/v2\/pages\/24893\/revisions"}],"predecessor-version":[{"id":25002,"href":"https:\/\/www.pefa.com\/sv\/wp-json\/wp\/v2\/pages\/24893\/revisions\/25002"}],"wp:featuredmedia":[{"embeddable":true,"href":"https:\/\/www.pefa.com\/sv\/wp-json\/wp\/v2\/media\/24565"}],"wp:attachment":[{"href":"https:\/\/www.pefa.com\/sv\/wp-json\/wp\/v2\/media?parent=24893"}],"curies":[{"name":"wp","href":"https:\/\/api.w.org\/{rel}","templated":true}]}}